

{"id":946,"date":"2021-03-13T11:43:42","date_gmt":"2021-03-13T11:43:42","guid":{"rendered":"https:\/\/lescriva.com\/?post_type=product&#038;p=946"},"modified":"2022-11-23T21:37:00","modified_gmt":"2022-11-23T21:37:00","slug":"missio-galactica","status":"publish","type":"product","link":"https:\/\/lescriva.com\/es\/producte\/missio-galactica\/","title":{"rendered":"Missi\u00f3 Gal\u00e0ctica"},"content":{"rendered":"","protected":false},"excerpt":{"rendered":"<p>Bloco \u00e9s una joguina educativa que desenvolupa les capacitats espaials i motrius alhora que estimula la creativitat<\/p>\n<p>Als nens els encanta l&#8217;exploraci\u00f3 espacial, i la nostra nova Missi\u00f3 Gal\u00e0ctica els posar\u00e0 en un curs d&#8217;hores intemporals de diversi\u00f3 i innombrables possibilitats creatives tan infinites com l&#8217;univers.<br \/>\nAquest model 3 en 1 muta d&#8217;un coet a una c\u00e0psula espacial i un explorador d&#8217;exploraci\u00f3.<br \/>\nLlavors dep\u00e8n de tu construir el teu cam\u00ed cap a una nova expedici\u00f3 fascinant cada vegada! Control de missi\u00f3, desenganxa la imaginaci\u00f3&#8230;<\/p>\n<p>210 peces i connectors<br \/>\n1 fulla d&#8217;instruccions detallada<br \/>\nEdats 6-12<\/p>\n<div><a href=\"https:\/\/lescriva.com\/es\/producte\/missio-galactica\/\" class=\"exp-read-more exp-read-more-underlined\">Read More<\/a><\/div>\n","protected":false},"featured_media":947,"comment_status":"open","ping_status":"closed","template":"","meta":[],"product_brand":[],"product_cat":[22],"product_tag":[265,102,264,262,101,77,260,261,263],"class_list":{"0":"post-946","1":"product","2":"type-product","3":"status-publish","4":"has-post-thumbnail","6":"product_cat-joguines","7":"product_tag-cohet","8":"product_tag-creativitat","9":"product_tag-espai","10":"product_tag-estimulacio","11":"product_tag-infants","12":"product_tag-jocs","13":"product_tag-joguina","14":"product_tag-joguina-educativa","15":"product_tag-motricitat","17":"first","18":"outofstock","19":"taxable","20":"shipping-taxable","21":"purchasable","22":"product-type-simple"},"_links":{"self":[{"href":"https:\/\/lescriva.com\/es\/wp-json\/wp\/v2\/product\/946","targetHints":{"allow":["GET"]}}],"collection":[{"href":"https:\/\/lescriva.com\/es\/wp-json\/wp\/v2\/product"}],"about":[{"href":"https:\/\/lescriva.com\/es\/wp-json\/wp\/v2\/types\/product"}],"replies":[{"embeddable":true,"href":"https:\/\/lescriva.com\/es\/wp-json\/wp\/v2\/comments?post=946"}],"wp:featuredmedia":[{"embeddable":true,"href":"https:\/\/lescriva.com\/es\/wp-json\/wp\/v2\/media\/947"}],"wp:attachment":[{"href":"https:\/\/lescriva.com\/es\/wp-json\/wp\/v2\/media?parent=946"}],"wp:term":[{"taxonomy":"product_brand","embeddable":true,"href":"https:\/\/lescriva.com\/es\/wp-json\/wp\/v2\/product_brand?post=946"},{"taxonomy":"product_cat","embeddable":true,"href":"https:\/\/lescriva.com\/es\/wp-json\/wp\/v2\/product_cat?post=946"},{"taxonomy":"product_tag","embeddable":true,"href":"https:\/\/lescriva.com\/es\/wp-json\/wp\/v2\/product_tag?post=946"}],"curies":[{"name":"wp","href":"https:\/\/api.w.org\/{rel}","templated":true}]}}