

{"id":917,"date":"2021-03-06T18:25:14","date_gmt":"2021-03-06T18:25:14","guid":{"rendered":"https:\/\/lescriva.com\/?post_type=product&#038;p=917"},"modified":"2021-06-22T16:46:40","modified_gmt":"2021-06-22T16:46:40","slug":"cosmic-glow-moonstars","status":"publish","type":"product","link":"https:\/\/lescriva.com\/es\/producte\/cosmic-glow-moonstars\/","title":{"rendered":"Cosmic Glow Moon&#038;Stars"},"content":{"rendered":"","protected":false},"excerpt":{"rendered":"<p>La teva habitaci\u00f3 lluir\u00e0 m\u00e9s que mai a la nit amb aquestes\u00a0adhesius\u00a0fluorescents de lluna i d&#8217;estels<\/p>\n<div><a href=\"https:\/\/lescriva.com\/es\/producte\/cosmic-glow-moonstars\/\" class=\"exp-read-more exp-read-more-underlined\">Read More<\/a><\/div>\n","protected":false},"featured_media":918,"comment_status":"open","ping_status":"closed","template":"","meta":[],"product_brand":[],"product_cat":[22],"product_tag":[238,240,244,239,243,241,242],"class_list":{"0":"post-917","1":"product","2":"type-product","3":"status-publish","4":"has-post-thumbnail","6":"product_cat-joguines","7":"product_tag-adhesius","8":"product_tag-adhesivos","9":"product_tag-cosmic","10":"product_tag-fluorescents","11":"product_tag-glow","12":"product_tag-moon","13":"product_tag-stars","15":"first","16":"outofstock","17":"taxable","18":"shipping-taxable","19":"purchasable","20":"product-type-simple"},"_links":{"self":[{"href":"https:\/\/lescriva.com\/es\/wp-json\/wp\/v2\/product\/917","targetHints":{"allow":["GET"]}}],"collection":[{"href":"https:\/\/lescriva.com\/es\/wp-json\/wp\/v2\/product"}],"about":[{"href":"https:\/\/lescriva.com\/es\/wp-json\/wp\/v2\/types\/product"}],"replies":[{"embeddable":true,"href":"https:\/\/lescriva.com\/es\/wp-json\/wp\/v2\/comments?post=917"}],"wp:featuredmedia":[{"embeddable":true,"href":"https:\/\/lescriva.com\/es\/wp-json\/wp\/v2\/media\/918"}],"wp:attachment":[{"href":"https:\/\/lescriva.com\/es\/wp-json\/wp\/v2\/media?parent=917"}],"wp:term":[{"taxonomy":"product_brand","embeddable":true,"href":"https:\/\/lescriva.com\/es\/wp-json\/wp\/v2\/product_brand?post=917"},{"taxonomy":"product_cat","embeddable":true,"href":"https:\/\/lescriva.com\/es\/wp-json\/wp\/v2\/product_cat?post=917"},{"taxonomy":"product_tag","embeddable":true,"href":"https:\/\/lescriva.com\/es\/wp-json\/wp\/v2\/product_tag?post=917"}],"curies":[{"name":"wp","href":"https:\/\/api.w.org\/{rel}","templated":true}]}}