

{"id":798,"date":"2021-02-27T16:23:05","date_gmt":"2021-02-27T16:23:05","guid":{"rendered":"https:\/\/lescriva.com\/?post_type=product&#038;p=798"},"modified":"2023-02-08T17:46:19","modified_gmt":"2023-02-08T17:46:19","slug":"pack-boligrafs-mini-p1","status":"publish","type":"product","link":"https:\/\/lescriva.com\/es\/producte\/pack-boligrafs-mini-p1\/","title":{"rendered":"Pack Bol\u00edgrafs Milan mini P1"},"content":{"rendered":"","protected":false},"excerpt":{"rendered":"<p>Estoig flexible que cont\u00e9 7 bol\u00edgrafs mini P1\u00a0<span class=\"hiddenSpellError\">touch<\/span>\u00a0amb el cos del mateix color de la tinta: taronja, rosa, lila, blau, blau cel, verd clar i negre.<\/p>\n<p>L&#8217;estoig permet doblegar la tapa i tenir els bol\u00edgrafs en un c\u00f2mode expositor de sobretaula.<\/p>\n<p>Longitud d&#8217;escriptura aproximada de 600 metres. Punta 1 mm. Disseny original creat pel departament\u00a0<span class=\"hiddenGrammarError\">d&#8217;R<\/span>+<span class=\"hiddenSpellError\">D de<\/span>\u00a0<span class=\"hiddenSpellError\">MILAN<\/span>. Mides bol\u00edgraf: 10,2 x 1,7 cm, 1 cm \u00d8.x<\/p>\n<div><a href=\"https:\/\/lescriva.com\/es\/producte\/pack-boligrafs-mini-p1\/\" class=\"exp-read-more exp-read-more-underlined\">Read More<\/a><\/div>\n","protected":false},"featured_media":799,"comment_status":"open","ping_status":"closed","template":"","meta":[],"product_brand":[],"product_cat":[290,23],"product_tag":[82,83,189,188,63,124,56,111,171,266],"class_list":{"0":"post-798","1":"product","2":"type-product","3":"status-publish","4":"has-post-thumbnail","6":"product_cat-escriptura","7":"product_cat-papereria","8":"product_tag-boligraf","9":"product_tag-boligrafo","10":"product_tag-boligrafos","11":"product_tag-boligrafs","12":"product_tag-material-escolar","13":"product_tag-milan","14":"product_tag-milan1918","15":"product_tag-papeleria","16":"product_tag-papereria","17":"product_tag-touch-colours","19":"first","20":"instock","21":"taxable","22":"shipping-taxable","23":"purchasable","24":"product-type-simple"},"_links":{"self":[{"href":"https:\/\/lescriva.com\/es\/wp-json\/wp\/v2\/product\/798","targetHints":{"allow":["GET"]}}],"collection":[{"href":"https:\/\/lescriva.com\/es\/wp-json\/wp\/v2\/product"}],"about":[{"href":"https:\/\/lescriva.com\/es\/wp-json\/wp\/v2\/types\/product"}],"replies":[{"embeddable":true,"href":"https:\/\/lescriva.com\/es\/wp-json\/wp\/v2\/comments?post=798"}],"wp:featuredmedia":[{"embeddable":true,"href":"https:\/\/lescriva.com\/es\/wp-json\/wp\/v2\/media\/799"}],"wp:attachment":[{"href":"https:\/\/lescriva.com\/es\/wp-json\/wp\/v2\/media?parent=798"}],"wp:term":[{"taxonomy":"product_brand","embeddable":true,"href":"https:\/\/lescriva.com\/es\/wp-json\/wp\/v2\/product_brand?post=798"},{"taxonomy":"product_cat","embeddable":true,"href":"https:\/\/lescriva.com\/es\/wp-json\/wp\/v2\/product_cat?post=798"},{"taxonomy":"product_tag","embeddable":true,"href":"https:\/\/lescriva.com\/es\/wp-json\/wp\/v2\/product_tag?post=798"}],"curies":[{"name":"wp","href":"https:\/\/api.w.org\/{rel}","templated":true}]}}