

{"id":772,"date":"2021-02-27T09:39:26","date_gmt":"2021-02-27T09:39:26","guid":{"rendered":"http:\/\/lescriva.com\/?post_type=product&#038;p=772"},"modified":"2025-07-11T01:48:23","modified_gmt":"2025-07-11T01:48:23","slug":"boligraf-fantasia-moses","status":"publish","type":"product","link":"https:\/\/lescriva.com\/es\/producte\/boligraf-fantasia-moses\/","title":{"rendered":"Bol\u00edgraf Fantasia"},"content":{"rendered":"","protected":false},"excerpt":{"rendered":"<p>Si necessites escriure amb els bol\u00edgrafs m\u00e9s cukis de el m\u00f3n&#8230; Aquesta \u00e9s la teva col\u00b7lecci\u00f3!<\/p>\n<div><a href=\"https:\/\/lescriva.com\/es\/producte\/boligraf-fantasia-moses\/\" class=\"exp-read-more exp-read-more-underlined\">Read More<\/a><\/div>\n","protected":false},"featured_media":777,"comment_status":"open","ping_status":"closed","template":"","meta":[],"product_brand":[],"product_cat":[290,23],"product_tag":[82,83,204,50,171,51],"class_list":{"0":"post-772","1":"product","2":"type-product","3":"status-publish","4":"has-post-thumbnail","6":"product_cat-escriptura","7":"product_cat-papereria","8":"product_tag-boligraf","9":"product_tag-boligrafo","10":"product_tag-moses","11":"product_tag-papeleria-bonita","12":"product_tag-papereria","13":"product_tag-papereria-bonica","15":"first","16":"outofstock","17":"taxable","18":"shipping-taxable","19":"purchasable","20":"product-type-variable"},"_links":{"self":[{"href":"https:\/\/lescriva.com\/es\/wp-json\/wp\/v2\/product\/772","targetHints":{"allow":["GET"]}}],"collection":[{"href":"https:\/\/lescriva.com\/es\/wp-json\/wp\/v2\/product"}],"about":[{"href":"https:\/\/lescriva.com\/es\/wp-json\/wp\/v2\/types\/product"}],"replies":[{"embeddable":true,"href":"https:\/\/lescriva.com\/es\/wp-json\/wp\/v2\/comments?post=772"}],"wp:featuredmedia":[{"embeddable":true,"href":"https:\/\/lescriva.com\/es\/wp-json\/wp\/v2\/media\/777"}],"wp:attachment":[{"href":"https:\/\/lescriva.com\/es\/wp-json\/wp\/v2\/media?parent=772"}],"wp:term":[{"taxonomy":"product_brand","embeddable":true,"href":"https:\/\/lescriva.com\/es\/wp-json\/wp\/v2\/product_brand?post=772"},{"taxonomy":"product_cat","embeddable":true,"href":"https:\/\/lescriva.com\/es\/wp-json\/wp\/v2\/product_cat?post=772"},{"taxonomy":"product_tag","embeddable":true,"href":"https:\/\/lescriva.com\/es\/wp-json\/wp\/v2\/product_tag?post=772"}],"curies":[{"name":"wp","href":"https:\/\/api.w.org\/{rel}","templated":true}]}}