

{"id":713,"date":"2021-02-20T10:09:27","date_gmt":"2021-02-20T10:09:27","guid":{"rendered":"https:\/\/lescriva.com\/?post_type=product&#038;p=713"},"modified":"2021-05-08T09:38:31","modified_gmt":"2021-05-08T09:38:31","slug":"puzle-monster-jam","status":"publish","type":"product","link":"https:\/\/lescriva.com\/es\/producte\/puzle-monster-jam\/","title":{"rendered":"Puzzle Monster Jam"},"content":{"rendered":"","protected":false},"excerpt":{"rendered":"<p>\u00c9s f\u00e0cil perdre&#8217;s en aquest emb\u00fas de monstres!<br \/>\nFes servir les m\u00e0scares\u00a0descodificadores\u00a0per trobar les imatges amagades en el puzle: 5 coses dolces per menjar, 4 coses amb rodes, 3 coses per posar-te al cap, 2 coses que fan m\u00fasica i 1 cosa pudent.<br \/>\nPuzle de 100 peces, inclou dues m\u00e0scares descodificadores.<\/p>\n<p>A partir de 4 anys<\/p>\n<div><a href=\"https:\/\/lescriva.com\/es\/producte\/puzle-monster-jam\/\" class=\"exp-read-more exp-read-more-underlined\">Read More<\/a><\/div>\n","protected":false},"featured_media":715,"comment_status":"open","ping_status":"closed","template":"","meta":[],"product_brand":[],"product_cat":[22],"product_tag":[101,77,78,100,26,191,190,27,40,192],"class_list":{"0":"post-713","1":"product","2":"type-product","3":"status-publish","4":"has-post-thumbnail","6":"product_cat-joguines","7":"product_tag-infants","8":"product_tag-jocs","9":"product_tag-joguines","10":"product_tag-nens","11":"product_tag-ninos","12":"product_tag-puzle","13":"product_tag-puzzle","14":"product_tag-regalos","15":"product_tag-regals","16":"product_tag-trencaclosques","18":"first","19":"outofstock","20":"taxable","21":"shipping-taxable","22":"purchasable","23":"product-type-simple"},"_links":{"self":[{"href":"https:\/\/lescriva.com\/es\/wp-json\/wp\/v2\/product\/713","targetHints":{"allow":["GET"]}}],"collection":[{"href":"https:\/\/lescriva.com\/es\/wp-json\/wp\/v2\/product"}],"about":[{"href":"https:\/\/lescriva.com\/es\/wp-json\/wp\/v2\/types\/product"}],"replies":[{"embeddable":true,"href":"https:\/\/lescriva.com\/es\/wp-json\/wp\/v2\/comments?post=713"}],"wp:featuredmedia":[{"embeddable":true,"href":"https:\/\/lescriva.com\/es\/wp-json\/wp\/v2\/media\/715"}],"wp:attachment":[{"href":"https:\/\/lescriva.com\/es\/wp-json\/wp\/v2\/media?parent=713"}],"wp:term":[{"taxonomy":"product_brand","embeddable":true,"href":"https:\/\/lescriva.com\/es\/wp-json\/wp\/v2\/product_brand?post=713"},{"taxonomy":"product_cat","embeddable":true,"href":"https:\/\/lescriva.com\/es\/wp-json\/wp\/v2\/product_cat?post=713"},{"taxonomy":"product_tag","embeddable":true,"href":"https:\/\/lescriva.com\/es\/wp-json\/wp\/v2\/product_tag?post=713"}],"curies":[{"name":"wp","href":"https:\/\/api.w.org\/{rel}","templated":true}]}}