

{"id":702,"date":"2021-02-20T09:53:10","date_gmt":"2021-02-20T09:53:10","guid":{"rendered":"https:\/\/lescriva.com\/?post_type=product&#038;p=702"},"modified":"2025-06-21T03:02:28","modified_gmt":"2025-06-21T03:02:28","slug":"puzle-laberint","status":"publish","type":"product","link":"https:\/\/lescriva.com\/es\/producte\/puzle-laberint\/","title":{"rendered":"Puzzle Laberint"},"content":{"rendered":"","protected":false},"excerpt":{"rendered":"<p>Puzle amb un laberint ofereix una obra detallada i interessant, curosament acabada. La diversi\u00f3 comen\u00e7a despr\u00e9s de muntar les 10 peces del trencaclosques. Els nens petits poden seguir amb el seu dit en el laberint i despr\u00e9s recon\u00e8ixer i trobar 20 elements diferents en el cam\u00ed.<br \/>\n3 models diferents<\/p>\n<div><a href=\"https:\/\/lescriva.com\/es\/producte\/puzle-laberint\/\" class=\"exp-read-more exp-read-more-underlined\">Read More<\/a><\/div>\n","protected":false},"featured_media":706,"comment_status":"open","ping_status":"closed","template":"","meta":[],"product_brand":[],"product_cat":[22],"product_tag":[77,195,78,25,157,100,26,191,190,27,40,192],"class_list":{"0":"post-702","1":"product","2":"type-product","3":"status-publish","4":"has-post-thumbnail","6":"product_cat-joguines","7":"product_tag-jocs","8":"product_tag-jocs-de-taula","9":"product_tag-joguines","10":"product_tag-juguetes","11":"product_tag-nenes","12":"product_tag-nens","13":"product_tag-ninos","14":"product_tag-puzle","15":"product_tag-puzzle","16":"product_tag-regalos","17":"product_tag-regals","18":"product_tag-trencaclosques","20":"first","21":"outofstock","22":"taxable","23":"shipping-taxable","24":"purchasable","25":"product-type-variable"},"_links":{"self":[{"href":"https:\/\/lescriva.com\/es\/wp-json\/wp\/v2\/product\/702","targetHints":{"allow":["GET"]}}],"collection":[{"href":"https:\/\/lescriva.com\/es\/wp-json\/wp\/v2\/product"}],"about":[{"href":"https:\/\/lescriva.com\/es\/wp-json\/wp\/v2\/types\/product"}],"replies":[{"embeddable":true,"href":"https:\/\/lescriva.com\/es\/wp-json\/wp\/v2\/comments?post=702"}],"wp:featuredmedia":[{"embeddable":true,"href":"https:\/\/lescriva.com\/es\/wp-json\/wp\/v2\/media\/706"}],"wp:attachment":[{"href":"https:\/\/lescriva.com\/es\/wp-json\/wp\/v2\/media?parent=702"}],"wp:term":[{"taxonomy":"product_brand","embeddable":true,"href":"https:\/\/lescriva.com\/es\/wp-json\/wp\/v2\/product_brand?post=702"},{"taxonomy":"product_cat","embeddable":true,"href":"https:\/\/lescriva.com\/es\/wp-json\/wp\/v2\/product_cat?post=702"},{"taxonomy":"product_tag","embeddable":true,"href":"https:\/\/lescriva.com\/es\/wp-json\/wp\/v2\/product_tag?post=702"}],"curies":[{"name":"wp","href":"https:\/\/api.w.org\/{rel}","templated":true}]}}