

{"id":690,"date":"2021-02-20T09:34:36","date_gmt":"2021-02-20T09:34:36","guid":{"rendered":"https:\/\/lescriva.com\/?post_type=product&#038;p=690"},"modified":"2022-08-15T08:42:59","modified_gmt":"2022-08-15T08:42:59","slug":"puzzle-2-en-1-amb-bossa","status":"publish","type":"product","link":"https:\/\/lescriva.com\/es\/producte\/puzzle-2-en-1-amb-bossa\/","title":{"rendered":"Puzzle 2 en 1 amb bossa"},"content":{"rendered":"","protected":false},"excerpt":{"rendered":"<p>Puzle de 49 peces. Les peces del puzle serveixen per completar 2 imatges tem\u00e0tiques, incloses. Cada pe\u00e7a ve impresa per ambdues cares. Per al seu emmagatzematge i transport, s&#8217;inclou una bosseta amb cremallera de poli\u00e8ster reciclat. Pintura no t\u00f2xica amb base d&#8217;aigua. Paper reciclat <span class=\"hiddenSpellError\">FSC<\/span>.<\/p>\n<p>3 models disponibles.<\/p>\n<div><a href=\"https:\/\/lescriva.com\/es\/producte\/puzzle-2-en-1-amb-bossa\/\" class=\"exp-read-more exp-read-more-underlined\">Read More<\/a><\/div>\n","protected":false},"featured_media":691,"comment_status":"open","ping_status":"closed","template":"","meta":[],"product_brand":[],"product_cat":[22],"product_tag":[77,78,193,194,25,157,100,191,190,192],"class_list":{"0":"post-690","1":"product","2":"type-product","3":"status-publish","4":"has-post-thumbnail","6":"product_cat-joguines","7":"product_tag-jocs","8":"product_tag-joguines","9":"product_tag-juegos","10":"product_tag-juegos-de-mesa","11":"product_tag-juguetes","12":"product_tag-nenes","13":"product_tag-nens","14":"product_tag-puzle","15":"product_tag-puzzle","16":"product_tag-trencaclosques","18":"first","19":"outofstock","20":"taxable","21":"shipping-taxable","22":"purchasable","23":"product-type-variable"},"_links":{"self":[{"href":"https:\/\/lescriva.com\/es\/wp-json\/wp\/v2\/product\/690","targetHints":{"allow":["GET"]}}],"collection":[{"href":"https:\/\/lescriva.com\/es\/wp-json\/wp\/v2\/product"}],"about":[{"href":"https:\/\/lescriva.com\/es\/wp-json\/wp\/v2\/types\/product"}],"replies":[{"embeddable":true,"href":"https:\/\/lescriva.com\/es\/wp-json\/wp\/v2\/comments?post=690"}],"wp:featuredmedia":[{"embeddable":true,"href":"https:\/\/lescriva.com\/es\/wp-json\/wp\/v2\/media\/691"}],"wp:attachment":[{"href":"https:\/\/lescriva.com\/es\/wp-json\/wp\/v2\/media?parent=690"}],"wp:term":[{"taxonomy":"product_brand","embeddable":true,"href":"https:\/\/lescriva.com\/es\/wp-json\/wp\/v2\/product_brand?post=690"},{"taxonomy":"product_cat","embeddable":true,"href":"https:\/\/lescriva.com\/es\/wp-json\/wp\/v2\/product_cat?post=690"},{"taxonomy":"product_tag","embeddable":true,"href":"https:\/\/lescriva.com\/es\/wp-json\/wp\/v2\/product_tag?post=690"}],"curies":[{"name":"wp","href":"https:\/\/api.w.org\/{rel}","templated":true}]}}