

{"id":644,"date":"2021-02-16T16:13:50","date_gmt":"2021-02-16T16:13:50","guid":{"rendered":"https:\/\/lescriva.com\/?post_type=product&#038;p=644"},"modified":"2021-03-06T17:45:08","modified_gmt":"2021-03-06T17:45:08","slug":"pack-4-boligrafs-gel-pilot-g2","status":"publish","type":"product","link":"https:\/\/lescriva.com\/es\/producte\/pack-4-boligrafs-gel-pilot-g2\/","title":{"rendered":"Pack 4 bol\u00edgrafs gel Pilot G2"},"content":{"rendered":"","protected":false},"excerpt":{"rendered":"<p>Tinta gel. Punta de bola di\u00e0metre 0.7 mm, ample de tra\u00e7 0.4 mm<br \/>\nGrip de cautx\u00fa del color de la tinta<\/p>\n<p>Pack negre, blau, vermell i verd<\/p>\n<div><a href=\"https:\/\/lescriva.com\/es\/producte\/pack-4-boligrafs-gel-pilot-g2\/\" class=\"exp-read-more exp-read-more-underlined\">Read More<\/a><\/div>\n","protected":false},"featured_media":647,"comment_status":"open","ping_status":"closed","template":"","meta":[],"product_brand":[],"product_cat":[23],"product_tag":[57,82,83,63,111,171,182,183,92],"class_list":{"0":"post-644","1":"product","2":"type-product","3":"status-publish","4":"has-post-thumbnail","6":"product_cat-papereria","7":"product_tag-apuntes","8":"product_tag-boligraf","9":"product_tag-boligrafo","10":"product_tag-material-escolar","11":"product_tag-papeleria","12":"product_tag-papereria","13":"product_tag-pilot","14":"product_tag-pilot-g2","15":"product_tag-vuelta-al-cole","17":"first","18":"instock","19":"sale","20":"taxable","21":"shipping-taxable","22":"purchasable","23":"product-type-simple"},"_links":{"self":[{"href":"https:\/\/lescriva.com\/es\/wp-json\/wp\/v2\/product\/644","targetHints":{"allow":["GET"]}}],"collection":[{"href":"https:\/\/lescriva.com\/es\/wp-json\/wp\/v2\/product"}],"about":[{"href":"https:\/\/lescriva.com\/es\/wp-json\/wp\/v2\/types\/product"}],"replies":[{"embeddable":true,"href":"https:\/\/lescriva.com\/es\/wp-json\/wp\/v2\/comments?post=644"}],"wp:featuredmedia":[{"embeddable":true,"href":"https:\/\/lescriva.com\/es\/wp-json\/wp\/v2\/media\/647"}],"wp:attachment":[{"href":"https:\/\/lescriva.com\/es\/wp-json\/wp\/v2\/media?parent=644"}],"wp:term":[{"taxonomy":"product_brand","embeddable":true,"href":"https:\/\/lescriva.com\/es\/wp-json\/wp\/v2\/product_brand?post=644"},{"taxonomy":"product_cat","embeddable":true,"href":"https:\/\/lescriva.com\/es\/wp-json\/wp\/v2\/product_cat?post=644"},{"taxonomy":"product_tag","embeddable":true,"href":"https:\/\/lescriva.com\/es\/wp-json\/wp\/v2\/product_tag?post=644"}],"curies":[{"name":"wp","href":"https:\/\/api.w.org\/{rel}","templated":true}]}}