

{"id":624,"date":"2021-02-15T19:54:02","date_gmt":"2021-02-15T19:54:02","guid":{"rendered":"https:\/\/lescriva.com\/?post_type=product&#038;p=624"},"modified":"2021-06-22T16:47:19","modified_gmt":"2021-06-22T16:47:19","slug":"pilota-sonall","status":"publish","type":"product","link":"https:\/\/lescriva.com\/es\/producte\/pilota-sonall\/","title":{"rendered":"Pilota sonall"},"content":{"rendered":"","protected":false},"excerpt":{"rendered":"<p>Observar i sentir el so que fa\u00a0<span class=\"hiddenSpellError\">Rattle<\/span>\u00a0Ball quan es mou i jugar amb ella, estimular\u00e0 l&#8217;o\u00efda, la vista, el tacte i l&#8217;equilibri del beb\u00e8.<br \/>\nEdat: A partir dels\u00a0<span class=\"hiddenGreenError\">6<\/span>\u00a0mesos.<\/p>\n<div><a href=\"https:\/\/lescriva.com\/es\/producte\/pilota-sonall\/\" class=\"exp-read-more exp-read-more-underlined\">Read More<\/a><\/div>\n","protected":false},"featured_media":625,"comment_status":"open","ping_status":"closed","template":"","meta":[],"product_brand":[],"product_cat":[22],"product_tag":[158,159,161,160,162,163],"class_list":{"0":"post-624","1":"product","2":"type-product","3":"status-publish","4":"has-post-thumbnail","6":"product_cat-joguines","7":"product_tag-bebe","8":"product_tag-gatejar","9":"product_tag-pelota","10":"product_tag-pilota","11":"product_tag-sonajero","12":"product_tag-sonall","14":"first","15":"outofstock","16":"taxable","17":"shipping-taxable","18":"purchasable","19":"product-type-simple"},"_links":{"self":[{"href":"https:\/\/lescriva.com\/es\/wp-json\/wp\/v2\/product\/624","targetHints":{"allow":["GET"]}}],"collection":[{"href":"https:\/\/lescriva.com\/es\/wp-json\/wp\/v2\/product"}],"about":[{"href":"https:\/\/lescriva.com\/es\/wp-json\/wp\/v2\/types\/product"}],"replies":[{"embeddable":true,"href":"https:\/\/lescriva.com\/es\/wp-json\/wp\/v2\/comments?post=624"}],"wp:featuredmedia":[{"embeddable":true,"href":"https:\/\/lescriva.com\/es\/wp-json\/wp\/v2\/media\/625"}],"wp:attachment":[{"href":"https:\/\/lescriva.com\/es\/wp-json\/wp\/v2\/media?parent=624"}],"wp:term":[{"taxonomy":"product_brand","embeddable":true,"href":"https:\/\/lescriva.com\/es\/wp-json\/wp\/v2\/product_brand?post=624"},{"taxonomy":"product_cat","embeddable":true,"href":"https:\/\/lescriva.com\/es\/wp-json\/wp\/v2\/product_cat?post=624"},{"taxonomy":"product_tag","embeddable":true,"href":"https:\/\/lescriva.com\/es\/wp-json\/wp\/v2\/product_tag?post=624"}],"curies":[{"name":"wp","href":"https:\/\/api.w.org\/{rel}","templated":true}]}}