

{"id":619,"date":"2021-02-15T19:31:01","date_gmt":"2021-02-15T19:31:01","guid":{"rendered":"https:\/\/lescriva.com\/?post_type=product&#038;p=619"},"modified":"2022-08-15T08:49:37","modified_gmt":"2022-08-15T08:49:37","slug":"pintafluo-a4","status":"publish","type":"product","link":"https:\/\/lescriva.com\/es\/producte\/pintafluo-a4\/","title":{"rendered":"PintaFluo A4"},"content":{"rendered":"<p>COM UTILITZAR <span class=\"hiddenSpellError\">PINTAFLUO<\/span><br \/>\nEl llapis incl\u00f2s t\u00e9 dues parts amb 2 funcions, la principal consisteix en un emissor de llum i la segona un retolador de tinta invisible.<br \/>\nPer dibuixar amb llum, millor en un lloc amb poca il\u00b7luminaci\u00f3, premeu el bot\u00f3 del llapis perqu\u00e8 emeti la llum, la superf\u00edcie fotosensible de la pissarra la convertir\u00e0 en punts fotoluminescents.<br \/>\nEl dibuix s&#8217;esvair\u00e0 gradualment fins a desapar\u00e8ixer en aproximadament 4 o 5 minuts.<br \/>\nEl retolador de tinta invisible permet escriure missatges \u00absecrets\u00bb sobre qualsevol superf\u00edcie i nom\u00e9s podr\u00e0 ser vista il\u00b7luminant-la amb la llum del llapis. Amb aquesta punta no escriguis sobre la pissarra.<\/p>\n<p>LA CAIXA\u00a0INCLOU<br \/>\n1 Pissarra fotosensible doble cara<br \/>\n2 x Doble llapis, una opci\u00f3 de llum per dibuixar (amb piles incloses) i una altra amb punta tipus retolador amb tinta invisible (podr\u00e0s veure-la\u00a0en projectar\u00a0la llum)<br \/>\n10 Plantilles de dibuix creatives<br \/>\nAl costat de la pissarra i el llapis, que permet dibuixar, s&#8217;inclouen 10 plantilles amb un munt d&#8217;idees i imatges.<\/p>\n","protected":false},"excerpt":{"rendered":"<p><span class=\"hiddenSpellError\">PintaFluo<\/span> fomenta la imaginaci\u00f3 i creativitat dels nens i nenes. Els infants es divertiran i fomentar\u00e0 la seva creativitat i imaginaci\u00f3 de forma original i interactiva. Ideal per compartir temps entre pares i fills en els moments de relaxaci\u00f3 i descans abans d&#8217;anar a dormir. Compartir aquests moments amb els fills potencia el vincle afectiu.<\/p>\n<p>Ideal per a nens i nenes entre 3 i 12 anys<\/p>\n<div><a href=\"https:\/\/lescriva.com\/es\/producte\/pintafluo-a4\/\" class=\"exp-read-more exp-read-more-underlined\">Read More<\/a><\/div>\n","protected":false},"featured_media":620,"comment_status":"open","ping_status":"closed","template":"","meta":[],"product_brand":[],"product_cat":[22,66],"product_tag":[115,65,101,269,157,100,89,91,156],"class_list":{"0":"post-619","1":"product","2":"type-product","3":"status-publish","4":"has-post-thumbnail","6":"product_cat-joguines","7":"product_cat-manualitats","8":"product_tag-dibuixar","9":"product_tag-dibujar","10":"product_tag-infants","11":"product_tag-juegaconmigo","12":"product_tag-nenes","13":"product_tag-nens","14":"product_tag-pissarra","15":"product_tag-pizarra","16":"product_tag-tinta-invisible","18":"first","19":"outofstock","20":"taxable","21":"shipping-taxable","22":"purchasable","23":"product-type-simple"},"_links":{"self":[{"href":"https:\/\/lescriva.com\/es\/wp-json\/wp\/v2\/product\/619","targetHints":{"allow":["GET"]}}],"collection":[{"href":"https:\/\/lescriva.com\/es\/wp-json\/wp\/v2\/product"}],"about":[{"href":"https:\/\/lescriva.com\/es\/wp-json\/wp\/v2\/types\/product"}],"replies":[{"embeddable":true,"href":"https:\/\/lescriva.com\/es\/wp-json\/wp\/v2\/comments?post=619"}],"wp:featuredmedia":[{"embeddable":true,"href":"https:\/\/lescriva.com\/es\/wp-json\/wp\/v2\/media\/620"}],"wp:attachment":[{"href":"https:\/\/lescriva.com\/es\/wp-json\/wp\/v2\/media?parent=619"}],"wp:term":[{"taxonomy":"product_brand","embeddable":true,"href":"https:\/\/lescriva.com\/es\/wp-json\/wp\/v2\/product_brand?post=619"},{"taxonomy":"product_cat","embeddable":true,"href":"https:\/\/lescriva.com\/es\/wp-json\/wp\/v2\/product_cat?post=619"},{"taxonomy":"product_tag","embeddable":true,"href":"https:\/\/lescriva.com\/es\/wp-json\/wp\/v2\/product_tag?post=619"}],"curies":[{"name":"wp","href":"https:\/\/api.w.org\/{rel}","templated":true}]}}