

{"id":606,"date":"2021-02-15T18:52:50","date_gmt":"2021-02-15T18:52:50","guid":{"rendered":"https:\/\/lescriva.com\/?post_type=product&#038;p=606"},"modified":"2021-03-15T07:51:40","modified_gmt":"2021-03-15T07:51:40","slug":"pasta-de-modelar-tova-soft-dough","status":"publish","type":"product","link":"https:\/\/lescriva.com\/es\/producte\/pasta-de-modelar-tova-soft-dough\/","title":{"rendered":"Pasta de modelar tova Soft Dough"},"content":{"rendered":"","protected":false},"excerpt":{"rendered":"<p>Pasta de modelar tova \u00ab<span class=\"hiddenSpellError\">Soft<\/span>\u00a0<span class=\"hiddenSpellError\">Dough<\/span>\u00ab. Una pasta consistent i el\u00e0stica, f\u00e0cil de modelar. Cont\u00e9 10 colors: blanc, groc, taronja, vermell, rosa, lila, blau, verd clar, verd i negre. Es poden crear nous tons combinant dos o m\u00e9s colors. No deixa residus a les\u00a0mans. Emmagatzemada en pots de\u00a0<span class=\"hiddenGrammarError\">85g<\/span>\u00a0amb tapa transparent, apilables entre si. Ingredients d&#8217;origen vegetal.<\/p>\n<div><a href=\"https:\/\/lescriva.com\/es\/producte\/pasta-de-modelar-tova-soft-dough\/\" class=\"exp-read-more exp-read-more-underlined\">Read More<\/a><\/div>\n","protected":false},"featured_media":609,"comment_status":"open","ping_status":"closed","template":"","meta":[],"product_brand":[],"product_cat":[66,23],"product_tag":[69,72,68,56,100,148,67],"class_list":{"0":"post-606","1":"product","2":"type-product","3":"status-publish","4":"has-post-thumbnail","6":"product_cat-manualitats","7":"product_cat-papereria","8":"product_tag-diy","9":"product_tag-manualidades","10":"product_tag-manualitats","11":"product_tag-milan1918","12":"product_tag-nens","13":"product_tag-pasta-de-modelar","14":"product_tag-plastelina","16":"first","17":"instock","18":"taxable","19":"shipping-taxable","20":"purchasable","21":"product-type-simple"},"_links":{"self":[{"href":"https:\/\/lescriva.com\/es\/wp-json\/wp\/v2\/product\/606","targetHints":{"allow":["GET"]}}],"collection":[{"href":"https:\/\/lescriva.com\/es\/wp-json\/wp\/v2\/product"}],"about":[{"href":"https:\/\/lescriva.com\/es\/wp-json\/wp\/v2\/types\/product"}],"replies":[{"embeddable":true,"href":"https:\/\/lescriva.com\/es\/wp-json\/wp\/v2\/comments?post=606"}],"wp:featuredmedia":[{"embeddable":true,"href":"https:\/\/lescriva.com\/es\/wp-json\/wp\/v2\/media\/609"}],"wp:attachment":[{"href":"https:\/\/lescriva.com\/es\/wp-json\/wp\/v2\/media?parent=606"}],"wp:term":[{"taxonomy":"product_brand","embeddable":true,"href":"https:\/\/lescriva.com\/es\/wp-json\/wp\/v2\/product_brand?post=606"},{"taxonomy":"product_cat","embeddable":true,"href":"https:\/\/lescriva.com\/es\/wp-json\/wp\/v2\/product_cat?post=606"},{"taxonomy":"product_tag","embeddable":true,"href":"https:\/\/lescriva.com\/es\/wp-json\/wp\/v2\/product_tag?post=606"}],"curies":[{"name":"wp","href":"https:\/\/api.w.org\/{rel}","templated":true}]}}