

{"id":560,"date":"2021-02-15T16:26:13","date_gmt":"2021-02-15T16:26:13","guid":{"rendered":"https:\/\/lescriva.com\/producte\/import-placeholder-for-9830\/"},"modified":"2026-05-05T13:15:42","modified_gmt":"2026-05-05T13:15:42","slug":"caja-12-lapices-de-colores-maxi-triangulares-madera-certificada-fsc","status":"publish","type":"product","link":"https:\/\/lescriva.com\/es\/producte\/caja-12-lapices-de-colores-maxi-triangulares-madera-certificada-fsc\/","title":{"rendered":"Caixa 12 llapis MAXI triangulars, fusta certificada FSC\u00ae"},"content":{"rendered":"","protected":false},"excerpt":{"rendered":"<p>Llapis de colors\u00a0<span class=\"hiddenSpellError\">MAXI<\/span>\u00a0triangulars, ideal per als m\u00e9s petits. Inclou maquineta.<br \/>\nLlapis\u00a0amb mina de 5 mm \u00d8, triangulars. La mida\u00a0<span class=\"hiddenSpellError\">MAXI<\/span>\u00a0\u00e9s ideal per als m\u00e9s petits. La mina ofereix un tra\u00e7 uniforme i \u00e9s resistent al trencament, a causa\u00a0del\u00a0sistema\u00a0<span class=\"hiddenSpellError\">LPS<\/span>\u00a0(<span class=\"hiddenSpellError\">Lead<\/span>\u00a0<span class=\"hiddenSpellError\">Protection<\/span>\u00a0<span class=\"hiddenSpellError\">System<\/span>) que protegeix la mina gr\u00e0cies a la seva adhesi\u00f3 amb la fusta. Fusta procedent de plantacions sostenibles, 100% certificada\u00a0<span class=\"hiddenSpellError\">FSC<\/span>\u00ae (Forest\u00a0<span class=\"hiddenSpellError\">StewardshipCouncil<\/span>). 12 colors. Cada color t\u00e9 el seu propi nom. Inclou safata interior i maquineta\u00a0<span class=\"hiddenSpellError\">MAXI<\/span>. Mesures llapis: 17,5 cm x 1 cm.<\/p>\n<div><a href=\"https:\/\/lescriva.com\/es\/producte\/caja-12-lapices-de-colores-maxi-triangulares-madera-certificada-fsc\/\" class=\"exp-read-more exp-read-more-underlined\">Read More<\/a><\/div>\n","protected":false},"featured_media":585,"comment_status":"open","ping_status":"closed","template":"","meta":[],"product_brand":[],"product_cat":[23],"product_tag":[62,60,127,128,61,59,129,124,56,100,26,130],"class_list":{"0":"post-560","1":"product","2":"type-product","3":"status-publish","4":"has-post-thumbnail","6":"product_cat-papereria","7":"product_tag-colores","8":"product_tag-colors","9":"product_tag-fsc","10":"product_tag-fusta-certificada","11":"product_tag-lapices","12":"product_tag-llapis","13":"product_tag-madera-certificada","14":"product_tag-milan","15":"product_tag-milan1918","16":"product_tag-nens","17":"product_tag-ninos","18":"product_tag-tamano-maxi","20":"first","21":"instock","22":"taxable","23":"shipping-taxable","24":"purchasable","25":"product-type-simple"},"_links":{"self":[{"href":"https:\/\/lescriva.com\/es\/wp-json\/wp\/v2\/product\/560","targetHints":{"allow":["GET"]}}],"collection":[{"href":"https:\/\/lescriva.com\/es\/wp-json\/wp\/v2\/product"}],"about":[{"href":"https:\/\/lescriva.com\/es\/wp-json\/wp\/v2\/types\/product"}],"replies":[{"embeddable":true,"href":"https:\/\/lescriva.com\/es\/wp-json\/wp\/v2\/comments?post=560"}],"wp:featuredmedia":[{"embeddable":true,"href":"https:\/\/lescriva.com\/es\/wp-json\/wp\/v2\/media\/585"}],"wp:attachment":[{"href":"https:\/\/lescriva.com\/es\/wp-json\/wp\/v2\/media?parent=560"}],"wp:term":[{"taxonomy":"product_brand","embeddable":true,"href":"https:\/\/lescriva.com\/es\/wp-json\/wp\/v2\/product_brand?post=560"},{"taxonomy":"product_cat","embeddable":true,"href":"https:\/\/lescriva.com\/es\/wp-json\/wp\/v2\/product_cat?post=560"},{"taxonomy":"product_tag","embeddable":true,"href":"https:\/\/lescriva.com\/es\/wp-json\/wp\/v2\/product_tag?post=560"}],"curies":[{"name":"wp","href":"https:\/\/api.w.org\/{rel}","templated":true}]}}