

{"id":559,"date":"2021-02-15T16:26:13","date_gmt":"2021-02-15T16:26:13","guid":{"rendered":"https:\/\/lescriva.com\/producte\/import-placeholder-for-9822\/"},"modified":"2021-03-15T07:51:59","modified_gmt":"2021-03-15T07:51:59","slug":"caja-6-rotuladores-para-tejidos","status":"publish","type":"product","link":"https:\/\/lescriva.com\/es\/producte\/caja-6-rotuladores-para-tejidos\/","title":{"rendered":"Caixa 6 retoladors per a teixits"},"content":{"rendered":"","protected":false},"excerpt":{"rendered":"<p>Retoladors per pintar sobre teixit en l&#8217;\u00e0mbit escolar. Punta rodona 4 mm \u00d8 que s&#8217;adapta a la superf\u00edcie de la tela, facilitant el seu \u00fas. S&#8217;aconsella realitzar en primer lloc un tra\u00e7at a llapis i posteriorment cobrir l&#8217;espai amb els retoladors. Posar un cart\u00f3 o pl\u00e0stic al revers del dibuix, perqu\u00e8 l&#8217;altre costat del teixit no es taqui en pintar. Un cop sec, s&#8217;aconsella fixar el dibuix pel dors amb la planxa, a la m\u00e0xima temperatura que permeti el teixit.<\/p>\n<div><a href=\"https:\/\/lescriva.com\/es\/producte\/caja-6-rotuladores-para-tejidos\/\" class=\"exp-read-more exp-read-more-underlined\">Read More<\/a><\/div>\n","protected":false},"featured_media":583,"comment_status":"open","ping_status":"closed","template":"","meta":[],"product_brand":[],"product_cat":[66,23],"product_tag":[62,60,63,124,56,100,26,118,120,125,126],"class_list":{"0":"post-559","1":"product","2":"type-product","3":"status-publish","4":"has-post-thumbnail","6":"product_cat-manualitats","7":"product_cat-papereria","8":"product_tag-colores","9":"product_tag-colors","10":"product_tag-material-escolar","11":"product_tag-milan","12":"product_tag-milan1918","13":"product_tag-nens","14":"product_tag-ninos","15":"product_tag-retoladors","16":"product_tag-rotuladores","17":"product_tag-tejidos","18":"product_tag-textil","20":"first","21":"instock","22":"taxable","23":"shipping-taxable","24":"purchasable","25":"product-type-simple"},"_links":{"self":[{"href":"https:\/\/lescriva.com\/es\/wp-json\/wp\/v2\/product\/559","targetHints":{"allow":["GET"]}}],"collection":[{"href":"https:\/\/lescriva.com\/es\/wp-json\/wp\/v2\/product"}],"about":[{"href":"https:\/\/lescriva.com\/es\/wp-json\/wp\/v2\/types\/product"}],"replies":[{"embeddable":true,"href":"https:\/\/lescriva.com\/es\/wp-json\/wp\/v2\/comments?post=559"}],"wp:featuredmedia":[{"embeddable":true,"href":"https:\/\/lescriva.com\/es\/wp-json\/wp\/v2\/media\/583"}],"wp:attachment":[{"href":"https:\/\/lescriva.com\/es\/wp-json\/wp\/v2\/media?parent=559"}],"wp:term":[{"taxonomy":"product_brand","embeddable":true,"href":"https:\/\/lescriva.com\/es\/wp-json\/wp\/v2\/product_brand?post=559"},{"taxonomy":"product_cat","embeddable":true,"href":"https:\/\/lescriva.com\/es\/wp-json\/wp\/v2\/product_cat?post=559"},{"taxonomy":"product_tag","embeddable":true,"href":"https:\/\/lescriva.com\/es\/wp-json\/wp\/v2\/product_tag?post=559"}],"curies":[{"name":"wp","href":"https:\/\/api.w.org\/{rel}","templated":true}]}}