

{"id":555,"date":"2021-02-15T16:26:12","date_gmt":"2021-02-15T16:26:12","guid":{"rendered":"https:\/\/lescriva.com\/producte\/import-placeholder-for-9795\/"},"modified":"2022-08-15T08:50:36","modified_gmt":"2022-08-15T08:50:36","slug":"cuaderno-oxford-european-book-5","status":"publish","type":"product","link":"https:\/\/lescriva.com\/es\/producte\/cuaderno-oxford-european-book-5\/","title":{"rendered":"Llibreta Oxford European Book 5"},"content":{"rendered":"","protected":false},"excerpt":{"rendered":"<p>Quadern microperforat amb tapes extradures A4+ 120 fulles quadr\u00edcula 5X5 Oxford<\/p>\n<p>Els quaderns amb\u00a0espirals\u00a0<span class=\"hiddenSpellError\">microperforats<\/span>\u00a0de tapa\u00a0<span class=\"hiddenSpellError\">extradura<\/span>\u00a0OXFORD\u00a0<span class=\"hiddenSpellError\">CLASSIC<\/span>\u00a0<span class=\"hiddenSpellError\">EUROPEABOOK<\/span>\u00a05, amb 5 colors de requadre, s\u00f3n el producte ideal per a aquells que busquen un quadern amb tapes r\u00edgides i que volen tenir diverses assignatures en un mateix lloc. Els quaderns d&#8217;aquesta gamma estan disponibles en diferents colors de tapa i poden tenir colors de requadre VIUS o TEND\u00c8NCIA. Ideal per poder tenir fins a 10 ASSIGNATURES en un mateix quadern. Tots els quaderns s\u00f3n compatibles amb l&#8217;aplicaci\u00f3\u00a0<span class=\"hiddenSpellError\">SCRIBZEE<\/span>\u00a0<span class=\"hiddenGrammarError\">de OXFORD<\/span>.<\/p>\n<div><a href=\"https:\/\/lescriva.com\/es\/producte\/cuaderno-oxford-european-book-5\/\" class=\"exp-read-more exp-read-more-underlined\">Read More<\/a><\/div>\n","protected":false},"featured_media":574,"comment_status":"open","ping_status":"closed","template":"","meta":[],"product_brand":[],"product_cat":[23],"product_tag":[109,110,63,111,92],"class_list":{"0":"post-555","1":"product","2":"type-product","3":"status-publish","4":"has-post-thumbnail","6":"product_cat-papereria","7":"product_tag-cuadernos","8":"product_tag-libretas","9":"product_tag-material-escolar","10":"product_tag-papeleria","11":"product_tag-vuelta-al-cole","13":"first","14":"instock","15":"taxable","16":"shipping-taxable","17":"purchasable","18":"product-type-simple"},"_links":{"self":[{"href":"https:\/\/lescriva.com\/es\/wp-json\/wp\/v2\/product\/555","targetHints":{"allow":["GET"]}}],"collection":[{"href":"https:\/\/lescriva.com\/es\/wp-json\/wp\/v2\/product"}],"about":[{"href":"https:\/\/lescriva.com\/es\/wp-json\/wp\/v2\/types\/product"}],"replies":[{"embeddable":true,"href":"https:\/\/lescriva.com\/es\/wp-json\/wp\/v2\/comments?post=555"}],"wp:featuredmedia":[{"embeddable":true,"href":"https:\/\/lescriva.com\/es\/wp-json\/wp\/v2\/media\/574"}],"wp:attachment":[{"href":"https:\/\/lescriva.com\/es\/wp-json\/wp\/v2\/media?parent=555"}],"wp:term":[{"taxonomy":"product_brand","embeddable":true,"href":"https:\/\/lescriva.com\/es\/wp-json\/wp\/v2\/product_brand?post=555"},{"taxonomy":"product_cat","embeddable":true,"href":"https:\/\/lescriva.com\/es\/wp-json\/wp\/v2\/product_cat?post=555"},{"taxonomy":"product_tag","embeddable":true,"href":"https:\/\/lescriva.com\/es\/wp-json\/wp\/v2\/product_tag?post=555"}],"curies":[{"name":"wp","href":"https:\/\/api.w.org\/{rel}","templated":true}]}}