

{"id":502,"date":"2021-02-14T19:00:47","date_gmt":"2021-02-14T19:00:47","guid":{"rendered":"https:\/\/lescriva.com\/?post_type=product&#038;p=502"},"modified":"2024-06-19T10:02:17","modified_gmt":"2024-06-19T10:02:17","slug":"502","status":"publish","type":"product","link":"https:\/\/lescriva.com\/es\/producte\/502\/","title":{"rendered":"Magic Magnetic Cube"},"content":{"rendered":"","protected":false},"excerpt":{"rendered":"<p><span class=\"hiddenSpellError\">Magic<\/span>\u00a0<span class=\"hiddenSpellError\">Magnetic<\/span>\u00a0<span class=\"hiddenSpellError\">Cube<\/span> \u00e9s un joc de raonament, concentraci\u00f3 i agudesa mental, tota una diversi\u00f3 per als amants dels reptes. Cada\u00a0<span class=\"hiddenSpellError\">Magic<\/span>\u00a0<span class=\"hiddenSpellError\">Cube<\/span>\u00a0cont\u00e9 set peces 3D magn\u00e8tiques i transparents amb una estructura diferent cadascuna d&#8217;elles i targetes amb 108 reptes a construir. T&#8217;atreveixes a resoldre&#8217;ls?<\/p>\n<p>Els potents imants de\u00a0<span class=\"hiddenGrammarError\">l&#8217;Magic<\/span>\u00a0<span class=\"hiddenSpellError\">Cube<\/span>\u00a0permeten construccions fermes que faciliten el muntatge,\u00a0en connectar\u00a0les peces entre elles podr\u00e0s aconseguir originals figures.<br \/>\nEl <span class=\"hiddenSpellError\">Magic<\/span>\u00a0<span class=\"hiddenSpellError\">Cube<\/span>\u00a0exercita el cervell, especialment \u00e0rees com el pensament espacial, la creativitat i imaginaci\u00f3 desenvolupant tamb\u00e9 la capacitat de concentraci\u00f3 i l&#8217;agilitat mental.<br \/>\nLa seva mida \u00e9s ideal per portar a qualsevol part.<\/p>\n<p>Un regal perfecte per a qualsevol edat a partir dels\u00a0<span class=\"hiddenGreenError\">5<\/span>\u00a0anys i dels 7 per resoldre els reptes.<\/p>\n<div><a href=\"https:\/\/lescriva.com\/es\/producte\/502\/\" class=\"exp-read-more exp-read-more-underlined\">Read More<\/a><\/div>\n","protected":false},"featured_media":505,"comment_status":"open","ping_status":"closed","template":"","meta":[],"product_brand":[],"product_cat":[22],"product_tag":[94,98,97,102,99,95,96,101,77,78,100],"class_list":{"0":"post-502","1":"product","2":"type-product","3":"status-publish","4":"has-post-thumbnail","6":"product_cat-joguines","7":"product_tag-3d","8":"product_tag-agilitat-mental","9":"product_tag-concentracio","10":"product_tag-creativitat","11":"product_tag-imaginacio","12":"product_tag-imanes","13":"product_tag-imants","14":"product_tag-infants","15":"product_tag-jocs","16":"product_tag-joguines","17":"product_tag-nens","19":"first","20":"instock","21":"taxable","22":"shipping-taxable","23":"purchasable","24":"product-type-simple"},"_links":{"self":[{"href":"https:\/\/lescriva.com\/es\/wp-json\/wp\/v2\/product\/502","targetHints":{"allow":["GET"]}}],"collection":[{"href":"https:\/\/lescriva.com\/es\/wp-json\/wp\/v2\/product"}],"about":[{"href":"https:\/\/lescriva.com\/es\/wp-json\/wp\/v2\/types\/product"}],"replies":[{"embeddable":true,"href":"https:\/\/lescriva.com\/es\/wp-json\/wp\/v2\/comments?post=502"}],"wp:featuredmedia":[{"embeddable":true,"href":"https:\/\/lescriva.com\/es\/wp-json\/wp\/v2\/media\/505"}],"wp:attachment":[{"href":"https:\/\/lescriva.com\/es\/wp-json\/wp\/v2\/media?parent=502"}],"wp:term":[{"taxonomy":"product_brand","embeddable":true,"href":"https:\/\/lescriva.com\/es\/wp-json\/wp\/v2\/product_brand?post=502"},{"taxonomy":"product_cat","embeddable":true,"href":"https:\/\/lescriva.com\/es\/wp-json\/wp\/v2\/product_cat?post=502"},{"taxonomy":"product_tag","embeddable":true,"href":"https:\/\/lescriva.com\/es\/wp-json\/wp\/v2\/product_tag?post=502"}],"curies":[{"name":"wp","href":"https:\/\/api.w.org\/{rel}","templated":true}]}}