

{"id":486,"date":"2021-02-14T18:28:10","date_gmt":"2021-02-14T18:28:10","guid":{"rendered":"https:\/\/lescriva.com\/?post_type=product&#038;p=486"},"modified":"2022-08-15T08:51:46","modified_gmt":"2022-08-15T08:51:46","slug":"calculadora-anti-bacterial","status":"publish","type":"product","link":"https:\/\/lescriva.com\/es\/producte\/calculadora-anti-bacterial\/","title":{"rendered":"Calculadora Anti bacterial"},"content":{"rendered":"","protected":false},"excerpt":{"rendered":"<p>Calculadora de sobretaula de 12 d\u00edgits. Edici\u00f3\u00a0Anti bacterial. Tractat amb vidre de fosfat de plata (CAS 308069-39-8) amb efecte antibacteri\u00e0 (cos i tecles). Ideal per millorar la higiene a l&#8217;escola, oficina, ambients en contacte amb aliments i\u00a0entorns sanitaris. 4 tecles de mem\u00f2ria, funci\u00f3 arrel quadrada, funci\u00f3 Gran Total i funci\u00f3 de retroc\u00e9s. Tecla d&#8217;apagada. Alimentaci\u00f3 dual: c\u00e8l\u00b7lula solar i pila\u00a0d&#8217;1,5\u00a0V. 3 colors assortits: blanc-turquesa, blanc-rosa i blanc-gris.<\/p>\n<div><a href=\"https:\/\/lescriva.com\/es\/producte\/calculadora-anti-bacterial\/\" class=\"exp-read-more exp-read-more-underlined\">Read More<\/a><\/div>\n","protected":false},"featured_media":491,"comment_status":"open","ping_status":"closed","template":"","meta":[],"product_brand":[],"product_cat":[23],"product_tag":[57,84,86,87,63,85,56],"class_list":{"0":"post-486","1":"product","2":"type-product","3":"status-publish","4":"has-post-thumbnail","6":"product_cat-papereria","7":"product_tag-apuntes","8":"product_tag-calculadora","9":"product_tag-matematicas","10":"product_tag-matematiques","11":"product_tag-material-escolar","12":"product_tag-mates","13":"product_tag-milan1918","15":"first","16":"outofstock","17":"taxable","18":"shipping-taxable","19":"purchasable","20":"product-type-variable"},"_links":{"self":[{"href":"https:\/\/lescriva.com\/es\/wp-json\/wp\/v2\/product\/486","targetHints":{"allow":["GET"]}}],"collection":[{"href":"https:\/\/lescriva.com\/es\/wp-json\/wp\/v2\/product"}],"about":[{"href":"https:\/\/lescriva.com\/es\/wp-json\/wp\/v2\/types\/product"}],"replies":[{"embeddable":true,"href":"https:\/\/lescriva.com\/es\/wp-json\/wp\/v2\/comments?post=486"}],"wp:featuredmedia":[{"embeddable":true,"href":"https:\/\/lescriva.com\/es\/wp-json\/wp\/v2\/media\/491"}],"wp:attachment":[{"href":"https:\/\/lescriva.com\/es\/wp-json\/wp\/v2\/media?parent=486"}],"wp:term":[{"taxonomy":"product_brand","embeddable":true,"href":"https:\/\/lescriva.com\/es\/wp-json\/wp\/v2\/product_brand?post=486"},{"taxonomy":"product_cat","embeddable":true,"href":"https:\/\/lescriva.com\/es\/wp-json\/wp\/v2\/product_cat?post=486"},{"taxonomy":"product_tag","embeddable":true,"href":"https:\/\/lescriva.com\/es\/wp-json\/wp\/v2\/product_tag?post=486"}],"curies":[{"name":"wp","href":"https:\/\/api.w.org\/{rel}","templated":true}]}}