

{"id":422,"date":"2021-02-13T17:59:02","date_gmt":"2021-02-13T17:59:02","guid":{"rendered":"https:\/\/lescriva.com\/?post_type=product&#038;p=422"},"modified":"2021-03-15T10:25:35","modified_gmt":"2021-03-15T10:25:35","slug":"pasta-de-modelatge","status":"publish","type":"product","link":"https:\/\/lescriva.com\/es\/producte\/pasta-de-modelatge\/","title":{"rendered":"Pasta de modelatge"},"content":{"rendered":"<p>Pasta de modelar de colors que endureix i s&#8217;asseca a l&#8217;aire, no necessita cocci\u00f3. Bossa amb tancament herm\u00e8tic i instruccions per a la realitzaci\u00f3 d&#8217;una figura a la part posterior. Cont\u00e9 100 g de producte. F\u00e0cil de modelar: <span class=\"hiddenGrammarError\">es<\/span>\u00a0recoma pastar\u00a0lleugerament abans de comen\u00e7ar a treballar perqu\u00e8 la pasta adquireixi elasticitat. Creaci\u00f3 de figures a partir de formes b\u00e0siques. Permet unir parts amb facilitat, sense marques. Es recomana treballar sobre una superf\u00edcie llisa no porosa. Per treballs de relleu i textura o uni\u00f3 de les parts, es poden utilitzar eines de modelatge. Colors f\u00e0cilment\u00a0<span class=\"hiddenSpellError\">barrejables<\/span>\u00a0que permeten crear nous tons. Temps d&#8217;assecatge\u00a0aproximat:\u00a0<span class=\"hiddenGreenError\">5<\/span>\u00a0dies (pot variar segons el gruix i condicions clim\u00e0tiques). Un cop obert\u00a0es recomana\u00a0conservar refrigerat,\u00a0en embalatge\u00a0o bossa herm\u00e8tica. Ingredients d&#8217;origen vegetal.<\/p>\n","protected":false},"excerpt":{"rendered":"<p>Pasta de modelar de colors que endureix i s&#8217;asseca a l&#8217;aire, no necessita cocci\u00f3<\/p>\n<div><a href=\"https:\/\/lescriva.com\/es\/producte\/pasta-de-modelatge\/\" class=\"exp-read-more exp-read-more-underlined\">Read More<\/a><\/div>\n","protected":false},"featured_media":421,"comment_status":"open","ping_status":"closed","template":"","meta":[],"product_brand":[],"product_cat":[22,66],"product_tag":[69,70,71,72,68,56,67],"class_list":{"0":"post-422","1":"product","2":"type-product","3":"status-publish","4":"has-post-thumbnail","6":"product_cat-joguines","7":"product_cat-manualitats","8":"product_tag-diy","9":"product_tag-eines","10":"product_tag-herramientas","11":"product_tag-manualidades","12":"product_tag-manualitats","13":"product_tag-milan1918","14":"product_tag-plastelina","16":"first","17":"instock","18":"taxable","19":"shipping-taxable","20":"purchasable","21":"product-type-variable"},"_links":{"self":[{"href":"https:\/\/lescriva.com\/es\/wp-json\/wp\/v2\/product\/422","targetHints":{"allow":["GET"]}}],"collection":[{"href":"https:\/\/lescriva.com\/es\/wp-json\/wp\/v2\/product"}],"about":[{"href":"https:\/\/lescriva.com\/es\/wp-json\/wp\/v2\/types\/product"}],"replies":[{"embeddable":true,"href":"https:\/\/lescriva.com\/es\/wp-json\/wp\/v2\/comments?post=422"}],"wp:featuredmedia":[{"embeddable":true,"href":"https:\/\/lescriva.com\/es\/wp-json\/wp\/v2\/media\/421"}],"wp:attachment":[{"href":"https:\/\/lescriva.com\/es\/wp-json\/wp\/v2\/media?parent=422"}],"wp:term":[{"taxonomy":"product_brand","embeddable":true,"href":"https:\/\/lescriva.com\/es\/wp-json\/wp\/v2\/product_brand?post=422"},{"taxonomy":"product_cat","embeddable":true,"href":"https:\/\/lescriva.com\/es\/wp-json\/wp\/v2\/product_cat?post=422"},{"taxonomy":"product_tag","embeddable":true,"href":"https:\/\/lescriva.com\/es\/wp-json\/wp\/v2\/product_tag?post=422"}],"curies":[{"name":"wp","href":"https:\/\/api.w.org\/{rel}","templated":true}]}}