

{"id":417,"date":"2021-02-13T17:55:44","date_gmt":"2021-02-13T17:55:44","guid":{"rendered":"https:\/\/lescriva.com\/?post_type=product&#038;p=417"},"modified":"2021-03-15T10:26:36","modified_gmt":"2021-03-15T10:26:36","slug":"eines-de-modelatge-2-manecs-i-8-puntes","status":"publish","type":"product","link":"https:\/\/lescriva.com\/es\/producte\/eines-de-modelatge-2-manecs-i-8-puntes\/","title":{"rendered":"Eines de modelatge (2 m\u00e0necs i 8 puntes)"},"content":{"rendered":"<p>Bossa amb tancament herm\u00e8tic. Eines de modelatge de pl\u00e0stic. Contingut: 1 m\u00e0nec ergon\u00f2mic de doble punta (color gris), 1 m\u00e0nec \/ corr\u00f3 de doble punta (color blau), 2 esp\u00e0tules per polit i adhesi\u00f3 (color rosa), 1 eina de tall (color verd), 1 eina per a polit i\u00a0adhesi\u00f3 de zones corbes (color verd), 2 boles per polit i adhesi\u00f3 (1 cm i 1,5 cm, color groc) i 2 puntes de precisi\u00f3 per detalls i textures (color taronja).<\/p>\n","protected":false},"excerpt":{"rendered":"<p>En aquesta bossa trobar\u00e0s les eines que necessites per a les teves creacions!<\/p>\n<div><a href=\"https:\/\/lescriva.com\/es\/producte\/eines-de-modelatge-2-manecs-i-8-puntes\/\" class=\"exp-read-more exp-read-more-underlined\">Read More<\/a><\/div>\n","protected":false},"featured_media":418,"comment_status":"open","ping_status":"closed","template":"","meta":[],"product_brand":[],"product_cat":[22,66],"product_tag":[69,70,71,72,68,56,67],"class_list":{"0":"post-417","1":"product","2":"type-product","3":"status-publish","4":"has-post-thumbnail","6":"product_cat-joguines","7":"product_cat-manualitats","8":"product_tag-diy","9":"product_tag-eines","10":"product_tag-herramientas","11":"product_tag-manualidades","12":"product_tag-manualitats","13":"product_tag-milan1918","14":"product_tag-plastelina","16":"first","17":"instock","18":"taxable","19":"shipping-taxable","20":"purchasable","21":"product-type-simple"},"_links":{"self":[{"href":"https:\/\/lescriva.com\/es\/wp-json\/wp\/v2\/product\/417","targetHints":{"allow":["GET"]}}],"collection":[{"href":"https:\/\/lescriva.com\/es\/wp-json\/wp\/v2\/product"}],"about":[{"href":"https:\/\/lescriva.com\/es\/wp-json\/wp\/v2\/types\/product"}],"replies":[{"embeddable":true,"href":"https:\/\/lescriva.com\/es\/wp-json\/wp\/v2\/comments?post=417"}],"wp:featuredmedia":[{"embeddable":true,"href":"https:\/\/lescriva.com\/es\/wp-json\/wp\/v2\/media\/418"}],"wp:attachment":[{"href":"https:\/\/lescriva.com\/es\/wp-json\/wp\/v2\/media?parent=417"}],"wp:term":[{"taxonomy":"product_brand","embeddable":true,"href":"https:\/\/lescriva.com\/es\/wp-json\/wp\/v2\/product_brand?post=417"},{"taxonomy":"product_cat","embeddable":true,"href":"https:\/\/lescriva.com\/es\/wp-json\/wp\/v2\/product_cat?post=417"},{"taxonomy":"product_tag","embeddable":true,"href":"https:\/\/lescriva.com\/es\/wp-json\/wp\/v2\/product_tag?post=417"}],"curies":[{"name":"wp","href":"https:\/\/api.w.org\/{rel}","templated":true}]}}