

{"id":1563,"date":"2021-07-31T10:04:32","date_gmt":"2021-12-14T15:36:25","guid":{"rendered":"https:\/\/lescriva.com\/producte\/mochila-milan-4-cremalleras-flowers-lila-25l\/"},"modified":"2021-12-14T15:36:37","modified_gmt":"2021-12-14T15:36:37","slug":"mochila-milan-4-cremalleras-flowers-lila-25l","status":"publish","type":"product","link":"https:\/\/lescriva.com\/es\/producte\/mochila-milan-4-cremalleras-flowers-lila-25l\/","title":{"rendered":"Mochila Milan 4 cremalleras Flowers lila (25l)"},"content":{"rendered":"","protected":false},"excerpt":{"rendered":"<p>Mochila escolar con 4 cremalleras. Edici\u00f3n especial <span class=\"hiddenSpellError\">Flowers<\/span>, color lila con detalles color amarillo. Un bolsillo principal con compartimento interior protector para port\u00e1til. 3 bolsillos delanteros. 2 bolsillos laterales de malla de f\u00e1cil acceso. Asas regulables parte trasera acolchada y transpirable, base reforzada. Permite a\u00f1adir un carrito <span class=\"hiddenGrammarError\" style=\"padding-bottom: 2px; background-image: url('..\/..\/..\/..\/..\/images\/squiggle.png'); background-repeat: repeat-x; background-position: left bottom; cursor: default; color: #000000; font-family: 'Open Sans', Helvetica, Arial, sans-serif; font-size: 16px; font-style: normal; font-variant-ligatures: normal; font-variant-caps: normal; font-weight: 300; letter-spacing: normal; orphans: 2; text-align: start; text-indent: 0px; text-transform: none; white-space: normal; widows: 2; word-spacing: 0px; -webkit-text-stroke-width: 0px; text-decoration-thickness: initial; text-decoration-style: initial; text-decoration-color: initial;\">porta<\/span>-mochilas.<br \/>\nComposici\u00f3n <span class=\"hiddenGrammarError\" style=\"padding-bottom: 2px; background-image: url('..\/..\/..\/..\/..\/images\/squiggle.png'); background-repeat: repeat-x; background-position: left bottom; cursor: default; color: #000000; font-family: 'Open Sans', Helvetica, Arial, sans-serif; font-size: 16px; font-style: normal; font-variant-ligatures: normal; font-variant-caps: normal; font-weight: 300; letter-spacing: normal; orphans: 2; text-align: start; text-indent: 0px; text-transform: none; white-space: normal; widows: 2; word-spacing: 0px; -webkit-text-stroke-width: 0px; text-decoration-thickness: initial; text-decoration-style: initial; text-decoration-color: initial;\">tejido<\/span>: exterior y forro interior de poli\u00e9ster.<br \/>\nMedidas: 46,5 x 30 x 17 cm. Capacidad: 25 litros.<\/p>\n<div><a href=\"https:\/\/lescriva.com\/es\/producte\/mochila-milan-4-cremalleras-flowers-lila-25l\/\" class=\"exp-read-more exp-read-more-underlined\">Read More<\/a><\/div>\n","protected":false},"featured_media":1500,"comment_status":"open","ping_status":"closed","template":"","meta":[],"product_brand":[],"product_cat":[329,332],"product_tag":[340,342,343,348,339],"class_list":{"0":"post-1563","1":"product","2":"type-product","3":"status-publish","4":"has-post-thumbnail","6":"product_cat-mochilas","7":"product_cat-papeleria","8":"product_tag-milan-es","9":"product_tag-mochilas-es","10":"product_tag-mochilas-es-2","11":"product_tag-vuelta-al-es","12":"product_tag-vuelta-al-cole-es-2","14":"first","15":"outofstock","16":"taxable","17":"shipping-taxable","18":"purchasable","19":"product-type-simple"},"_links":{"self":[{"href":"https:\/\/lescriva.com\/es\/wp-json\/wp\/v2\/product\/1563","targetHints":{"allow":["GET"]}}],"collection":[{"href":"https:\/\/lescriva.com\/es\/wp-json\/wp\/v2\/product"}],"about":[{"href":"https:\/\/lescriva.com\/es\/wp-json\/wp\/v2\/types\/product"}],"replies":[{"embeddable":true,"href":"https:\/\/lescriva.com\/es\/wp-json\/wp\/v2\/comments?post=1563"}],"wp:featuredmedia":[{"embeddable":true,"href":"https:\/\/lescriva.com\/es\/wp-json\/wp\/v2\/media\/1500"}],"wp:attachment":[{"href":"https:\/\/lescriva.com\/es\/wp-json\/wp\/v2\/media?parent=1563"}],"wp:term":[{"taxonomy":"product_brand","embeddable":true,"href":"https:\/\/lescriva.com\/es\/wp-json\/wp\/v2\/product_brand?post=1563"},{"taxonomy":"product_cat","embeddable":true,"href":"https:\/\/lescriva.com\/es\/wp-json\/wp\/v2\/product_cat?post=1563"},{"taxonomy":"product_tag","embeddable":true,"href":"https:\/\/lescriva.com\/es\/wp-json\/wp\/v2\/product_tag?post=1563"}],"curies":[{"name":"wp","href":"https:\/\/api.w.org\/{rel}","templated":true}]}}