

{"id":1115,"date":"2021-06-26T09:24:29","date_gmt":"2021-06-26T09:24:29","guid":{"rendered":"https:\/\/lescriva.com\/?post_type=product&#038;p=1115"},"modified":"2022-08-15T08:29:56","modified_gmt":"2022-08-15T08:29:56","slug":"dinosaures-i-estrelles-fluorescents","status":"publish","type":"product","link":"https:\/\/lescriva.com\/es\/producte\/dinosaures-i-estrelles-fluorescents\/","title":{"rendered":"Dinosaures i estrelles fluorescents"},"content":{"rendered":"","protected":false},"excerpt":{"rendered":"<p>Dinosaures i estrelles d&#8217;alta qualitat que brillen en la foscor, ideals per decorar el sostre i les parets l&#8217;habitaci\u00f3 i convertir-la un aut\u00e8ntic parc jur\u00e0ssic \u00ab<span class=\"hiddenSpellError\">glow<\/span>\u00a0<span class=\"hiddenSpellError\">in<\/span>\u00a0<span class=\"hiddenSpellError\">the<\/span>\u00a0<span class=\"hiddenSpellError\">dark<\/span>\u00ab.<\/p>\n<p>Simplement exposa les formes a una font de llum durant uns minuts, apaga la llum i observa com brillen&#8230; al teu petit li encantaran!<\/p>\n<p>Inclou 6 dinosaures, 3 estrelles, 3 estrelles fugaces i coixinets autoadhesives per fixar f\u00e0cilment a la majoria de les superf\u00edcies.<\/p>\n<div><a href=\"https:\/\/lescriva.com\/es\/producte\/dinosaures-i-estrelles-fluorescents\/\" class=\"exp-read-more exp-read-more-underlined\">Read More<\/a><\/div>\n","protected":false},"featured_media":1116,"comment_status":"open","ping_status":"closed","template":"","meta":[],"product_brand":[],"product_cat":[22],"product_tag":[213,305,303,306,77,78],"class_list":{"0":"post-1115","1":"product","2":"type-product","3":"status-publish","4":"has-post-thumbnail","6":"product_cat-joguines","7":"product_tag-dinosaure","8":"product_tag-dinosaures-fluorescents","9":"product_tag-glow-cosmic","10":"product_tag-glow-dinosaurs","11":"product_tag-jocs","12":"product_tag-joguines","14":"first","15":"outofstock","16":"taxable","17":"shipping-taxable","18":"purchasable","19":"product-type-simple"},"_links":{"self":[{"href":"https:\/\/lescriva.com\/es\/wp-json\/wp\/v2\/product\/1115","targetHints":{"allow":["GET"]}}],"collection":[{"href":"https:\/\/lescriva.com\/es\/wp-json\/wp\/v2\/product"}],"about":[{"href":"https:\/\/lescriva.com\/es\/wp-json\/wp\/v2\/types\/product"}],"replies":[{"embeddable":true,"href":"https:\/\/lescriva.com\/es\/wp-json\/wp\/v2\/comments?post=1115"}],"wp:featuredmedia":[{"embeddable":true,"href":"https:\/\/lescriva.com\/es\/wp-json\/wp\/v2\/media\/1116"}],"wp:attachment":[{"href":"https:\/\/lescriva.com\/es\/wp-json\/wp\/v2\/media?parent=1115"}],"wp:term":[{"taxonomy":"product_brand","embeddable":true,"href":"https:\/\/lescriva.com\/es\/wp-json\/wp\/v2\/product_brand?post=1115"},{"taxonomy":"product_cat","embeddable":true,"href":"https:\/\/lescriva.com\/es\/wp-json\/wp\/v2\/product_cat?post=1115"},{"taxonomy":"product_tag","embeddable":true,"href":"https:\/\/lescriva.com\/es\/wp-json\/wp\/v2\/product_tag?post=1115"}],"curies":[{"name":"wp","href":"https:\/\/api.w.org\/{rel}","templated":true}]}}