

{"id":1102,"date":"2021-06-19T09:19:12","date_gmt":"2021-06-19T09:19:12","guid":{"rendered":"https:\/\/lescriva.com\/?post_type=product&#038;p=1102"},"modified":"2025-09-30T22:16:30","modified_gmt":"2025-09-30T22:16:30","slug":"bossa-somniadora-de-coto-amb-nansa","status":"publish","type":"product","link":"https:\/\/lescriva.com\/es\/producte\/bossa-somniadora-de-coto-amb-nansa\/","title":{"rendered":"Bossa Somniadora de cot\u00f3 amb nansa"},"content":{"rendered":"","protected":false},"excerpt":{"rendered":"<p>Bossa de m\u00e0 de cot\u00f3 amb nansa, gran capacitat. Colors diponibles cru i negre. Et serveix com a bossa de m\u00e0 o com a estoig de gran capacitat. Tria la frase que m\u00e9s t&#8217;agradi<\/p>\n<div><a href=\"https:\/\/lescriva.com\/es\/producte\/bossa-somniadora-de-coto-amb-nansa\/\" class=\"exp-read-more exp-read-more-underlined\">Read More<\/a><\/div>\n","protected":false},"featured_media":1106,"comment_status":"open","ping_status":"closed","template":"","meta":[],"product_brand":[],"product_cat":[292,23,41],"product_tag":[298,297,149,150,117,296],"class_list":{"0":"post-1102","1":"product","2":"type-product","3":"status-publish","4":"has-post-thumbnail","6":"product_cat-complements","7":"product_cat-papereria","8":"product_cat-regals","9":"product_tag-bolso-de-mano","10":"product_tag-bossa-de-ma","11":"product_tag-estoig","12":"product_tag-estuche","13":"product_tag-lettering","14":"product_tag-somniadora","16":"first","17":"instock","18":"taxable","19":"shipping-taxable","20":"purchasable","21":"product-type-variable"},"_links":{"self":[{"href":"https:\/\/lescriva.com\/es\/wp-json\/wp\/v2\/product\/1102","targetHints":{"allow":["GET"]}}],"collection":[{"href":"https:\/\/lescriva.com\/es\/wp-json\/wp\/v2\/product"}],"about":[{"href":"https:\/\/lescriva.com\/es\/wp-json\/wp\/v2\/types\/product"}],"replies":[{"embeddable":true,"href":"https:\/\/lescriva.com\/es\/wp-json\/wp\/v2\/comments?post=1102"}],"wp:featuredmedia":[{"embeddable":true,"href":"https:\/\/lescriva.com\/es\/wp-json\/wp\/v2\/media\/1106"}],"wp:attachment":[{"href":"https:\/\/lescriva.com\/es\/wp-json\/wp\/v2\/media?parent=1102"}],"wp:term":[{"taxonomy":"product_brand","embeddable":true,"href":"https:\/\/lescriva.com\/es\/wp-json\/wp\/v2\/product_brand?post=1102"},{"taxonomy":"product_cat","embeddable":true,"href":"https:\/\/lescriva.com\/es\/wp-json\/wp\/v2\/product_cat?post=1102"},{"taxonomy":"product_tag","embeddable":true,"href":"https:\/\/lescriva.com\/es\/wp-json\/wp\/v2\/product_tag?post=1102"}],"curies":[{"name":"wp","href":"https:\/\/api.w.org\/{rel}","templated":true}]}}