

{"id":1098,"date":"2021-06-07T07:32:30","date_gmt":"2021-06-07T07:32:30","guid":{"rendered":"https:\/\/lescriva.com\/?post_type=product&#038;p=1098"},"modified":"2021-07-31T11:08:49","modified_gmt":"2021-07-31T11:08:49","slug":"motxilla-petita-space-hf","status":"publish","type":"product","link":"https:\/\/lescriva.com\/es\/producte\/motxilla-petita-space-hf\/","title":{"rendered":"Motxilla petita Space HF"},"content":{"rendered":"","protected":false},"excerpt":{"rendered":"<p>Motxilla plastificada amb purpurina en tons blaus efecte futurista. T\u00e9 dos departaments, un gran i un altre m\u00e9s petit a la part davantera. Tots dos es tanquen amb cremallera. Les corretges s\u00f3n regulables i inclou tira superior per poder penjar.<br \/>\nMesures (cm) 30x21x8<\/p>\n<div><a href=\"https:\/\/lescriva.com\/es\/producte\/motxilla-petita-space-hf\/\" class=\"exp-read-more exp-read-more-underlined\">Read More<\/a><\/div>\n","protected":false},"featured_media":1099,"comment_status":"open","ping_status":"closed","template":"","meta":[],"product_brand":[],"product_cat":[317,23],"product_tag":[153,63,235,234],"class_list":{"0":"post-1098","1":"product","2":"type-product","3":"status-publish","4":"has-post-thumbnail","6":"product_cat-motxilles","7":"product_cat-papereria","8":"product_tag-helio-ferretti","9":"product_tag-material-escolar","10":"product_tag-mochila","11":"product_tag-motxilla","13":"first","14":"instock","15":"taxable","16":"shipping-taxable","17":"purchasable","18":"product-type-simple"},"_links":{"self":[{"href":"https:\/\/lescriva.com\/es\/wp-json\/wp\/v2\/product\/1098","targetHints":{"allow":["GET"]}}],"collection":[{"href":"https:\/\/lescriva.com\/es\/wp-json\/wp\/v2\/product"}],"about":[{"href":"https:\/\/lescriva.com\/es\/wp-json\/wp\/v2\/types\/product"}],"replies":[{"embeddable":true,"href":"https:\/\/lescriva.com\/es\/wp-json\/wp\/v2\/comments?post=1098"}],"wp:featuredmedia":[{"embeddable":true,"href":"https:\/\/lescriva.com\/es\/wp-json\/wp\/v2\/media\/1099"}],"wp:attachment":[{"href":"https:\/\/lescriva.com\/es\/wp-json\/wp\/v2\/media?parent=1098"}],"wp:term":[{"taxonomy":"product_brand","embeddable":true,"href":"https:\/\/lescriva.com\/es\/wp-json\/wp\/v2\/product_brand?post=1098"},{"taxonomy":"product_cat","embeddable":true,"href":"https:\/\/lescriva.com\/es\/wp-json\/wp\/v2\/product_cat?post=1098"},{"taxonomy":"product_tag","embeddable":true,"href":"https:\/\/lescriva.com\/es\/wp-json\/wp\/v2\/product_tag?post=1098"}],"curies":[{"name":"wp","href":"https:\/\/api.w.org\/{rel}","templated":true}]}}