

{"id":1070,"date":"2021-05-08T09:34:57","date_gmt":"2021-05-08T09:34:57","guid":{"rendered":"https:\/\/lescriva.com\/?post_type=product&#038;p=1070"},"modified":"2021-05-08T09:34:58","modified_gmt":"2021-05-08T09:34:58","slug":"targeter-dalumini","status":"publish","type":"product","link":"https:\/\/lescriva.com\/es\/producte\/targeter-dalumini\/","title":{"rendered":"Targeter d&#8217;alumini"},"content":{"rendered":"","protected":false},"excerpt":{"rendered":"<p>Evita que les teves targetes es desimantin amb aquesta cartera d&#8217;alumini metal\u00b7litzat!<br \/>\nDisseny fi i elegant. Disponible en diversos colors. Resistent als cops i a\u00a0l&#8217;aigua. C\u00f2moda per a qualsevol butxaca, bossa o motxilla. L&#8217;interior de la cartera est\u00e0 composta per un acordi\u00f3 de 6 apartats per col\u00b7locar tota mena de targetes, bitllets, monedes, etc. S&#8217;obre prement un bot\u00f3.<\/p>\n<div><a href=\"https:\/\/lescriva.com\/es\/producte\/targeter-dalumini\/\" class=\"exp-read-more exp-read-more-underlined\">Read More<\/a><\/div>\n","protected":false},"featured_media":1071,"comment_status":"open","ping_status":"closed","template":"","meta":[],"product_brand":[],"product_cat":[292,41],"product_tag":[293,153,295,294,251],"class_list":{"0":"post-1070","1":"product","2":"type-product","3":"status-publish","4":"has-post-thumbnail","6":"product_cat-complements","7":"product_cat-regals","8":"product_tag-cartera","9":"product_tag-helio-ferretti","10":"product_tag-targetas","11":"product_tag-targetero","12":"product_tag-tarjetero","14":"first","15":"instock","16":"taxable","17":"shipping-taxable","18":"product-type-variable"},"_links":{"self":[{"href":"https:\/\/lescriva.com\/es\/wp-json\/wp\/v2\/product\/1070","targetHints":{"allow":["GET"]}}],"collection":[{"href":"https:\/\/lescriva.com\/es\/wp-json\/wp\/v2\/product"}],"about":[{"href":"https:\/\/lescriva.com\/es\/wp-json\/wp\/v2\/types\/product"}],"replies":[{"embeddable":true,"href":"https:\/\/lescriva.com\/es\/wp-json\/wp\/v2\/comments?post=1070"}],"wp:featuredmedia":[{"embeddable":true,"href":"https:\/\/lescriva.com\/es\/wp-json\/wp\/v2\/media\/1071"}],"wp:attachment":[{"href":"https:\/\/lescriva.com\/es\/wp-json\/wp\/v2\/media?parent=1070"}],"wp:term":[{"taxonomy":"product_brand","embeddable":true,"href":"https:\/\/lescriva.com\/es\/wp-json\/wp\/v2\/product_brand?post=1070"},{"taxonomy":"product_cat","embeddable":true,"href":"https:\/\/lescriva.com\/es\/wp-json\/wp\/v2\/product_cat?post=1070"},{"taxonomy":"product_tag","embeddable":true,"href":"https:\/\/lescriva.com\/es\/wp-json\/wp\/v2\/product_tag?post=1070"}],"curies":[{"name":"wp","href":"https:\/\/api.w.org\/{rel}","templated":true}]}}