

{"id":1066,"date":"2021-05-08T08:25:21","date_gmt":"2021-05-08T08:25:21","guid":{"rendered":"https:\/\/lescriva.com\/?post_type=product&#038;p=1066"},"modified":"2021-05-08T08:26:04","modified_gmt":"2021-05-08T08:26:04","slug":"boligraf-inspiracio","status":"publish","type":"product","link":"https:\/\/lescriva.com\/es\/producte\/boligraf-inspiracio\/","title":{"rendered":"Bol\u00edgraf Inspiraci\u00f3"},"content":{"rendered":"","protected":false},"excerpt":{"rendered":"<p>Bol\u00edgraf met\u00e0l\u00b7lic d&#8217;alta qualitat amb frases inspiradores i suaus colors pastels.<\/p>\n<p>Rec\u00e0rrega blava reempla\u00e7able<\/p>\n<div><a href=\"https:\/\/lescriva.com\/es\/producte\/boligraf-inspiracio\/\" class=\"exp-read-more exp-read-more-underlined\">Read More<\/a><\/div>\n","protected":false},"featured_media":1067,"comment_status":"open","ping_status":"closed","template":"","meta":[],"product_brand":[],"product_cat":[290,23],"product_tag":[83,111,50,171],"class_list":{"0":"post-1066","1":"product","2":"type-product","3":"status-publish","4":"has-post-thumbnail","6":"product_cat-escriptura","7":"product_cat-papereria","8":"product_tag-boligrafo","9":"product_tag-papeleria","10":"product_tag-papeleria-bonita","11":"product_tag-papereria","13":"first","14":"instock","15":"taxable","16":"shipping-taxable","17":"product-type-variable"},"_links":{"self":[{"href":"https:\/\/lescriva.com\/es\/wp-json\/wp\/v2\/product\/1066","targetHints":{"allow":["GET"]}}],"collection":[{"href":"https:\/\/lescriva.com\/es\/wp-json\/wp\/v2\/product"}],"about":[{"href":"https:\/\/lescriva.com\/es\/wp-json\/wp\/v2\/types\/product"}],"replies":[{"embeddable":true,"href":"https:\/\/lescriva.com\/es\/wp-json\/wp\/v2\/comments?post=1066"}],"wp:featuredmedia":[{"embeddable":true,"href":"https:\/\/lescriva.com\/es\/wp-json\/wp\/v2\/media\/1067"}],"wp:attachment":[{"href":"https:\/\/lescriva.com\/es\/wp-json\/wp\/v2\/media?parent=1066"}],"wp:term":[{"taxonomy":"product_brand","embeddable":true,"href":"https:\/\/lescriva.com\/es\/wp-json\/wp\/v2\/product_brand?post=1066"},{"taxonomy":"product_cat","embeddable":true,"href":"https:\/\/lescriva.com\/es\/wp-json\/wp\/v2\/product_cat?post=1066"},{"taxonomy":"product_tag","embeddable":true,"href":"https:\/\/lescriva.com\/es\/wp-json\/wp\/v2\/product_tag?post=1066"}],"curies":[{"name":"wp","href":"https:\/\/api.w.org\/{rel}","templated":true}]}}