

{"id":1043,"date":"2021-05-06T15:59:25","date_gmt":"2021-05-06T15:59:25","guid":{"rendered":"https:\/\/lescriva.com\/?post_type=product&#038;p=1043"},"modified":"2021-06-03T09:38:06","modified_gmt":"2021-06-03T09:38:06","slug":"llibreta-bujo-suisse-prints","status":"publish","type":"product","link":"https:\/\/lescriva.com\/es\/producte\/llibreta-bujo-suisse-prints\/","title":{"rendered":"Llibreta Bullet Journal Suisse Prints"},"content":{"rendered":"","protected":false},"excerpt":{"rendered":"<p>La nova col\u00b7lecci\u00f3 Bujo Suisse Prints ve amb 5 estampats molt especials.<br \/>\nL&#8217;enquadernaci\u00f3 Suisse et permet obrir la llibreta completament (360\u00ba).<\/p>\n<p>Porten 180 p\u00e0gines en paper blanc d&#8217;alta qualitat, resistent a tot tipus de tintes, bol\u00edgrafs o retoladors. Porta goma de tancament en color negre i una goma al llom per guardar el bol\u00edgraf. Inclou, una butxaca portadocuments en la part posterior, 2 cintes de registre per marcar les p\u00e0gines i 4 plantilles Bujo amb formes per dissenyar el teu planificaci\u00f3 al teu gust. Aquest Bullet Journal ha estat testat i compta amb la trama de punts ideal quant a dist\u00e0ncia, posici\u00f3 i opacitat perqu\u00e8 puguis aplicar i crear el teu m\u00e8tode Bullet Journal d&#8217;una manera professional.<br \/>\nSi ets amant d&#8217;aquest m\u00e8tode, de l&#8217;Lettering o una aficionada a la papereria de disseny, els Journals de Takenote s\u00f3n ideals.<\/p>\n<p>Dues mides disponibles: M (A5) i L (A4)<\/p>\n<div><a href=\"https:\/\/lescriva.com\/es\/producte\/llibreta-bujo-suisse-prints\/\" class=\"exp-read-more exp-read-more-underlined\">Read More<\/a><\/div>\n","protected":false},"featured_media":1059,"comment_status":"open","ping_status":"closed","template":"","meta":[],"product_brand":[],"product_cat":[291,23],"product_tag":[287,288,117,110,48,50,171,289],"class_list":{"0":"post-1043","1":"product","2":"type-product","3":"status-publish","4":"has-post-thumbnail","6":"product_cat-llibretes","7":"product_cat-papereria","8":"product_tag-bujo","9":"product_tag-bullet-journal","10":"product_tag-lettering","11":"product_tag-libretas","12":"product_tag-llibreta","13":"product_tag-papeleria-bonita","14":"product_tag-papereria","15":"product_tag-stationary","17":"first","18":"instock","19":"taxable","20":"shipping-taxable","21":"purchasable","22":"product-type-variable"},"_links":{"self":[{"href":"https:\/\/lescriva.com\/es\/wp-json\/wp\/v2\/product\/1043","targetHints":{"allow":["GET"]}}],"collection":[{"href":"https:\/\/lescriva.com\/es\/wp-json\/wp\/v2\/product"}],"about":[{"href":"https:\/\/lescriva.com\/es\/wp-json\/wp\/v2\/types\/product"}],"replies":[{"embeddable":true,"href":"https:\/\/lescriva.com\/es\/wp-json\/wp\/v2\/comments?post=1043"}],"wp:featuredmedia":[{"embeddable":true,"href":"https:\/\/lescriva.com\/es\/wp-json\/wp\/v2\/media\/1059"}],"wp:attachment":[{"href":"https:\/\/lescriva.com\/es\/wp-json\/wp\/v2\/media?parent=1043"}],"wp:term":[{"taxonomy":"product_brand","embeddable":true,"href":"https:\/\/lescriva.com\/es\/wp-json\/wp\/v2\/product_brand?post=1043"},{"taxonomy":"product_cat","embeddable":true,"href":"https:\/\/lescriva.com\/es\/wp-json\/wp\/v2\/product_cat?post=1043"},{"taxonomy":"product_tag","embeddable":true,"href":"https:\/\/lescriva.com\/es\/wp-json\/wp\/v2\/product_tag?post=1043"}],"curies":[{"name":"wp","href":"https:\/\/api.w.org\/{rel}","templated":true}]}}