

{"id":1555,"date":"2021-01-19T10:46:17","date_gmt":"2021-01-19T10:46:17","guid":{"rendered":"https:\/\/lescriva.com\/contacte\/"},"modified":"2021-01-19T10:46:17","modified_gmt":"2021-01-19T10:46:17","slug":"contacte","status":"publish","type":"page","link":"https:\/\/lescriva.com\/es\/contacte\/","title":{"rendered":"Contacte"},"content":{"rendered":"<div  class=\"tatsu-DQRkJCKTI tatsu-section  tatsu-bg-overlay   tatsu-clearfix\" data-title=\"\"  data-headerscheme=\"background--dark\"><div class='tatsu-section-pad clearfix' data-padding='{\"d\":\"120px 0px 120px 0px\"}' data-padding-top='120px'><div class=\"tatsu-row-wrap  tatsu-wrap tatsu-row-one-col tatsu-row-has-one-cols tatsu-medium-gutter tatsu-reg-cols  tatsu-clearfix tatsu-aQY41ZtqwY\" ><div  class=\"tatsu-row \" ><div  class=\"tatsu-column  tatsu-bg-overlay tatsu-one-col tatsu-column-image-none tatsu-column-effect-none  tatsu-iPHawl_cDm\"  data-parallax-speed=\"0\" style=\"\"><div class=\"tatsu-column-inner \" ><div class=\"tatsu-column-pad-wrap\"><div class=\"tatsu-column-pad\" ><div  class=\"tatsu-module tatsu-text-block-wrap tatsu-sQhPtRKF2w  \"><div class=\"tatsu-text-inner tatsu-align-center  clearfix\" ><style>.tatsu-sQhPtRKF2w.tatsu-text-block-wrap .tatsu-text-inner{width: 100%;text-align: left;color: #ffffff ;}.tatsu-sQhPtRKF2w.tatsu-text-block-wrap{margin: 0px 0px 0px 0px;}.tatsu-sQhPtRKF2w .tatsu-text-inner *{color: #ffffff ;}<\/style>\n<h1 style=\"text-align: left;\">Contacte<\/h1>\n<\/div><\/div><\/div><\/div><div class = \"tatsu-column-bg-image-wrap\"><div class = \"tatsu-column-bg-image\" ><\/div><\/div><div class=\"tatsu-overlay tatsu-column-overlay tatsu-animate-none\" ><\/div><\/div><style>.tatsu-row > .tatsu-iPHawl_cDm.tatsu-column{width: 100%;}.tatsu-iPHawl_cDm.tatsu-column > .tatsu-column-inner > .tatsu-column-overlay{mix-blend-mode: normal;}.tatsu-iPHawl_cDm > .tatsu-column-inner > .tatsu-top-divider{z-index: 9999;}.tatsu-iPHawl_cDm > .tatsu-column-inner > .tatsu-bottom-divider{z-index: 9999;}.tatsu-iPHawl_cDm > .tatsu-column-inner > .tatsu-left-divider{z-index: 9999;}.tatsu-iPHawl_cDm > .tatsu-column-inner > .tatsu-right-divider{z-index: 9999;}@media only screen and (max-width:1377px) {.tatsu-row > .tatsu-iPHawl_cDm.tatsu-column{width: 100%;}}@media only screen and (min-width:768px) and (max-width: 1024px) {.tatsu-row > .tatsu-iPHawl_cDm.tatsu-column{width: 100%;}}@media only screen and (max-width: 767px) {.tatsu-row > .tatsu-iPHawl_cDm.tatsu-column{width: 100%;}}<\/style><\/div><\/div><\/div><\/div><div class=\"tatsu-section-background-wrap\"><div class = \"tatsu-section-background\" ><\/div><\/div><div class=\"tatsu-overlay tatsu-section-overlay\"><\/div><style>.tatsu-DQRkJCKTI .tatsu-section-background{background-image: url(https:\/\/lescriva.com\/wp-content\/uploads\/2021\/02\/baner-maquina-escriure.jpg);background-repeat: no-repeat;background-attachment: scroll;background-position: center right;background-size: cover;}.tatsu-DQRkJCKTI .tatsu-bg-blur{background-repeat: no-repeat;background-attachment: scroll;background-position: center right;background-size: cover;}.tatsu-DQRkJCKTI .tatsu-section-pad{padding: 120px 0px 120px 0px;}.tatsu-DQRkJCKTI .tatsu-section-offset-wrap{transform: translateY(-0px);}.tatsu-DQRkJCKTI > .tatsu-bottom-divider{z-index: 9999;}.tatsu-DQRkJCKTI > .tatsu-top-divider{z-index: 9999;}.tatsu-DQRkJCKTI .tatsu-section-overlay{background: linear-gradient(45deg, rgba(31,15,15,0.22) 0%, rgba(255,0,0,0.01) 100%);mix-blend-mode: normal;}<\/style><\/div><div  class=\"tatsu-ARDzvu6GL6 tatsu-section  tatsu-bg-overlay   tatsu-clearfix\" data-title=\"\"  data-headerscheme=\"background--dark\"><div class='tatsu-section-pad clearfix' data-padding='{\"d\":\"90px 0px 29px 0px\"}' data-padding-top='90px'><div class=\"tatsu-row-wrap  tatsu-wrap tatsu-row-has-one-half tatsu-row-has-two-cols tatsu-medium-gutter tatsu-reg-cols  tatsu-clearfix tatsu-LZ62MCx2Ar\" ><div  class=\"tatsu-row \" ><div  class=\"tatsu-column  tatsu-bg-overlay tatsu-one-half tatsu-column-image-none tatsu-column-effect-none  tatsu-vT0AltxSf\"  data-parallax-speed=\"0\" style=\"\"><div class=\"tatsu-column-inner \" ><div class=\"tatsu-column-pad-wrap\"><div class=\"tatsu-column-pad\" ><div id = \"\" class=\"tatsu-code tatsu-module tatsu-EAY4nABPf   \"  ><iframe loading=\"lazy\" src=\"https:\/\/www.google.com\/maps\/embed?pb=!1m18!1m12!1m3!1d2993.7281313983176!2d2.067957415515614!3d41.379991079264876!2m3!1f0!2f0!3f0!3m2!1i1024!2i768!4f13.1!3m3!1m2!1s0x12a4997f138740af%3A0x2c4e31653c3f7a92!2sL'ESCRIV%C3%80!5e0!3m2!1sen!2ses!4v1612371894701!5m2!1sen!2ses\" width=\"500\" height=\"450\" frameborder=\"0\" style=\"border:0;\" allowfullscreen=\"\" aria-hidden=\"false\" tabindex=\"0\"><\/iframe><\/div><\/div><\/div><div class = \"tatsu-column-bg-image-wrap\"><div class = \"tatsu-column-bg-image\" ><\/div><\/div><div class=\"tatsu-overlay tatsu-column-overlay tatsu-animate-none\" ><\/div><\/div><style>.tatsu-row > .tatsu-vT0AltxSf.tatsu-column{width: 50%;}.tatsu-vT0AltxSf.tatsu-column > .tatsu-column-inner > .tatsu-column-overlay{mix-blend-mode: normal;}.tatsu-vT0AltxSf > .tatsu-column-inner > .tatsu-top-divider{z-index: 9999;}.tatsu-vT0AltxSf > .tatsu-column-inner > .tatsu-bottom-divider{z-index: 9999;}.tatsu-vT0AltxSf > .tatsu-column-inner > .tatsu-left-divider{z-index: 9999;}.tatsu-vT0AltxSf > .tatsu-column-inner > .tatsu-right-divider{z-index: 9999;}@media only screen and (max-width:1377px) {.tatsu-row > .tatsu-vT0AltxSf.tatsu-column{width: 50%;}}@media only screen and (min-width:768px) and (max-width: 1024px) {.tatsu-row > .tatsu-vT0AltxSf.tatsu-column{width: 50%;}}@media only screen and (max-width: 767px) {.tatsu-row > .tatsu-vT0AltxSf.tatsu-column{width: 100%;}}<\/style><\/div><div  class=\"tatsu-column  tatsu-bg-overlay tatsu-one-half tatsu-column-image-none tatsu-column-effect-none  tatsu-GoCV6LRsAC\"  data-parallax-speed=\"0\" style=\"\"><div class=\"tatsu-column-inner \" ><div class=\"tatsu-column-pad-wrap\"><div class=\"tatsu-column-pad\" ><div  class = \"tatsu-special-heading-wrap  tatsu-9fRQbG11n \"  \"  ><style>.tatsu-9fRQbG11n.tatsu-special-heading-wrap{font-size: 24px;margin: 0px 0px 20px 0px;text-align: left;}.tatsu-9fRQbG11n.tatsu-special-heading-wrap .tatsu-title{letter-spacing: 2px;}.tatsu-9fRQbG11n.tatsu-special-heading-wrap .tatsu-border{background: rgba(194,61,73,1);}<\/style><div class = \"special-heading-inner-wrap tatsu-border-style2 tatsu-expand\" ><div class = \"tatsu-border\" ><\/div><h6 class = \"tatsu-title\">Necesites explicar-nos alguna cosa?<\/h6><\/div><\/div><div  class=\"tatsu-module tatsu-text-block-wrap tatsu-WTsB7Umtn  \"><div class=\"tatsu-text-inner tatsu-align-center  clearfix\" ><style>.tatsu-WTsB7Umtn.tatsu-text-block-wrap .tatsu-text-inner{width: 100%;text-align: left;}<\/style>\n<p>Si vols parlar amb nosaltres pots trucar-nos al tel\u00e8fon 93 473 82 27. Qualsevol cosa que necessitis i no trobis al web, podem intentar demanar-lo.<\/p>\n<p>Tamb\u00e9 pots omplir el formulari o escriure un mail a hola@lescriva.com<br \/>Respondrem encantats el m\u00e9s aviat possible.<\/p>\n<p>I si vols visitar-nos a la botiga t&#8217;esperem a:<br \/>c\/ Salvador Espriu, 1b &#8211; 08960 Sant Just Desvern<\/p>\n<p>Ens far\u00e0 molt contents que vulguis con\u00e8ixer els nostres productes de primera m\u00e0!<\/p>\n<\/div><\/div><\/div><\/div><div class = \"tatsu-column-bg-image-wrap\"><div class = \"tatsu-column-bg-image\" ><\/div><\/div><div class=\"tatsu-overlay tatsu-column-overlay tatsu-animate-none\" ><\/div><\/div><style>.tatsu-row > .tatsu-GoCV6LRsAC.tatsu-column{width: 50%;}.tatsu-GoCV6LRsAC.tatsu-column > .tatsu-column-inner > .tatsu-column-overlay{mix-blend-mode: normal;}.tatsu-GoCV6LRsAC > .tatsu-column-inner > .tatsu-top-divider{z-index: 9999;}.tatsu-GoCV6LRsAC > .tatsu-column-inner > .tatsu-bottom-divider{z-index: 9999;}.tatsu-GoCV6LRsAC > .tatsu-column-inner > .tatsu-left-divider{z-index: 9999;}.tatsu-GoCV6LRsAC > .tatsu-column-inner > .tatsu-right-divider{z-index: 9999;}@media only screen and (max-width:1377px) {.tatsu-row > .tatsu-GoCV6LRsAC.tatsu-column{width: 50%;}}@media only screen and (min-width:768px) and (max-width: 1024px) {.tatsu-row > .tatsu-GoCV6LRsAC.tatsu-column{width: 50%;}}@media only screen and (max-width: 767px) {.tatsu-row > .tatsu-GoCV6LRsAC.tatsu-column{width: 100%;}}<\/style><\/div><\/div><\/div><\/div><div class=\"tatsu-section-background-wrap\"><div class = \"tatsu-section-background\" ><\/div><\/div><div class=\"tatsu-overlay tatsu-section-overlay\"><\/div><style>.tatsu-ARDzvu6GL6 .tatsu-section-pad{padding: 90px 0px 29px 0px;}.tatsu-ARDzvu6GL6 .tatsu-section-offset-wrap{transform: translateY(-0px);}.tatsu-ARDzvu6GL6 > .tatsu-bottom-divider{z-index: 9999;}.tatsu-ARDzvu6GL6 > .tatsu-top-divider{z-index: 9999;}.tatsu-ARDzvu6GL6 .tatsu-section-overlay{mix-blend-mode: normal;}<\/style><\/div><div  class=\"tatsu-2XLJm3yHrb tatsu-section  tatsu-bg-overlay   tatsu-clearfix\" data-title=\"\"  data-headerscheme=\"background--dark\"><div class='tatsu-section-pad clearfix' data-padding='{\"d\":\"41px 0px 90px 0px\"}' data-padding-top='41px'><div class=\"tatsu-row-wrap  tatsu-wrap tatsu-row-one-col tatsu-row-has-one-cols tatsu-medium-gutter tatsu-reg-cols  tatsu-clearfix tatsu-_vbc5C1Bpt\" ><div  class=\"tatsu-row \" ><div  class=\"tatsu-column  tatsu-bg-overlay tatsu-one-col tatsu-column-image-none tatsu-column-effect-none  tatsu--Rn56Cf7t\"  data-parallax-speed=\"0\" style=\"\"><div class=\"tatsu-column-inner \" ><div class=\"tatsu-column-pad-wrap\"><div class=\"tatsu-column-pad\" ><div  class = \"tatsu-special-heading-wrap  tatsu-wS2S7zaiB \"  \"  ><style>.tatsu-wS2S7zaiB.tatsu-special-heading-wrap{font-size: 24px;margin: 0px 0px 20px 0px;text-align: center;}.tatsu-wS2S7zaiB.tatsu-special-heading-wrap .tatsu-title{letter-spacing: 2px;}.tatsu-wS2S7zaiB.tatsu-special-heading-wrap .tatsu-border{background: rgba(194,61,73,1);}<\/style><div class = \"special-heading-inner-wrap tatsu-border-style2 tatsu-expand\" ><div class = \"tatsu-border\" ><\/div><h6 class = \"tatsu-title\">FORMULARI DE CONTACTE<\/h6><\/div><\/div>        <div  class = \"exp-contact-form-cf7 exp-module  tatsu-5pokSqU7Y \" >\n            <style>.tatsu-5pokSqU7Y{border-width: 0px 0px 0px 0px;border-style: solid;}<\/style>            <div class = \"exp-contact-cf7-inner\">\n                \n<div class=\"wpcf7 no-js\" id=\"wpcf7-f333-o1\" lang=\"ca\" dir=\"ltr\" data-wpcf7-id=\"333\">\n<div class=\"screen-reader-response\"><p role=\"status\" aria-live=\"polite\" aria-atomic=\"true\"><\/p> <ul><\/ul><\/div>\n<form action=\"\/es\/wp-json\/wp\/v2\/pages\/1555#wpcf7-f333-o1\" method=\"post\" class=\"wpcf7-form init exp-form-rounded exp-button-rounded exp-form\" aria-label=\"Formulari de contacte\" novalidate=\"novalidate\" data-status=\"init\">\n<div style=\"display: none;\">\n<input type=\"hidden\" name=\"_wpcf7\" value=\"333\" \/>\n<input type=\"hidden\" name=\"_wpcf7_version\" value=\"6.0.6\" \/>\n<input type=\"hidden\" name=\"_wpcf7_locale\" value=\"ca\" \/>\n<input type=\"hidden\" name=\"_wpcf7_unit_tag\" value=\"wpcf7-f333-o1\" \/>\n<input type=\"hidden\" name=\"_wpcf7_container_post\" value=\"0\" \/>\n<input type=\"hidden\" name=\"_wpcf7_posted_data_hash\" value=\"\" \/>\n<input type=\"hidden\" name=\"_wpcf7_recaptcha_response\" value=\"\" \/>\n<\/div>\n<span class=\"wpcf7-form-control-wrap\" data-name=\"your-name\"><input size=\"40\" maxlength=\"400\" class=\"wpcf7-form-control wpcf7-text wpcf7-validates-as-required\" aria-required=\"true\" aria-invalid=\"false\" placeholder=\"Nom\" value=\"\" type=\"text\" name=\"your-name\" \/><\/span>\n          <span class=\"wpcf7-form-control-wrap\" data-name=\"your-email\"><input size=\"40\" maxlength=\"400\" class=\"wpcf7-form-control wpcf7-email wpcf7-validates-as-required wpcf7-text wpcf7-validates-as-email\" aria-required=\"true\" aria-invalid=\"false\" placeholder=\"Email\" value=\"\" type=\"email\" name=\"your-email\" \/><\/span>\n          <span class=\"wpcf7-form-control-wrap\" data-name=\"your-subject\"><input size=\"40\" maxlength=\"400\" class=\"wpcf7-form-control wpcf7-text\" aria-invalid=\"false\" placeholder=\"Assumpte\" value=\"\" type=\"text\" name=\"your-subject\" \/><\/span> \n          <span class=\"wpcf7-form-control-wrap\" data-name=\"your-message\"><textarea cols=\"40\" rows=\"10\" maxlength=\"2000\" class=\"wpcf7-form-control wpcf7-textarea\" aria-invalid=\"false\" placeholder=\"Missatge\" name=\"your-message\"><\/textarea><\/span>\n          <input class=\"wpcf7-form-control wpcf7-submit has-spinner\" type=\"submit\" value=\"Envia\" \/><p style=\"display: none !important;\" class=\"akismet-fields-container\" data-prefix=\"_wpcf7_ak_\"><label>&#916;<textarea name=\"_wpcf7_ak_hp_textarea\" cols=\"45\" rows=\"8\" maxlength=\"100\"><\/textarea><\/label><input type=\"hidden\" id=\"ak_js_1\" name=\"_wpcf7_ak_js\" value=\"237\"\/><script>document.getElementById( \"ak_js_1\" ).setAttribute( \"value\", ( new Date() ).getTime() );<\/script><\/p><div class=\"wpcf7-response-output\" aria-hidden=\"true\"><\/div>\n<\/form>\n<\/div>\n            <\/div>\n        <\/div>\n<\/div><\/div><div class = \"tatsu-column-bg-image-wrap\"><div class = \"tatsu-column-bg-image\" ><\/div><\/div><div class=\"tatsu-overlay tatsu-column-overlay tatsu-animate-none\" ><\/div><\/div><style>.tatsu-row > .tatsu--Rn56Cf7t.tatsu-column{width: 100%;}.tatsu--Rn56Cf7t.tatsu-column > .tatsu-column-inner > .tatsu-column-overlay{mix-blend-mode: normal;}.tatsu--Rn56Cf7t > .tatsu-column-inner > .tatsu-top-divider{z-index: 9999;}.tatsu--Rn56Cf7t > .tatsu-column-inner > .tatsu-bottom-divider{z-index: 9999;}.tatsu--Rn56Cf7t > .tatsu-column-inner > .tatsu-left-divider{z-index: 9999;}.tatsu--Rn56Cf7t > .tatsu-column-inner > .tatsu-right-divider{z-index: 9999;}@media only screen and (max-width:1377px) {.tatsu-row > .tatsu--Rn56Cf7t.tatsu-column{width: 100%;}}@media only screen and (min-width:768px) and (max-width: 1024px) {.tatsu-row > .tatsu--Rn56Cf7t.tatsu-column{width: 100%;}}@media only screen and (max-width: 767px) {.tatsu-row > .tatsu--Rn56Cf7t.tatsu-column{width: 100%;}}<\/style><\/div><\/div><\/div><\/div><div class=\"tatsu-section-background-wrap\"><div class = \"tatsu-section-background\" ><\/div><\/div><div class=\"tatsu-overlay tatsu-section-overlay\"><\/div><style>.tatsu-2XLJm3yHrb .tatsu-section-pad{padding: 41px 0px 90px 0px;}.tatsu-2XLJm3yHrb .tatsu-section-offset-wrap{transform: translateY(-0px);}.tatsu-2XLJm3yHrb > .tatsu-bottom-divider{z-index: 9999;}.tatsu-2XLJm3yHrb > .tatsu-top-divider{z-index: 9999;}.tatsu-2XLJm3yHrb .tatsu-section-overlay{mix-blend-mode: normal;}<\/style><\/div>\n","protected":false},"excerpt":{"rendered":"<div><a href=\"https:\/\/lescriva.com\/es\/contacte\/\" class=\"exp-read-more exp-read-more-underlined\">Read More<\/a><\/div>\n","protected":false},"author":1,"featured_media":0,"parent":0,"menu_order":0,"comment_status":"closed","ping_status":"closed","template":"","meta":{"footnotes":""},"class_list":["post-1555","page","type-page","status-publish","hentry"],"_links":{"self":[{"href":"https:\/\/lescriva.com\/es\/wp-json\/wp\/v2\/pages\/1555","targetHints":{"allow":["GET"]}}],"collection":[{"href":"https:\/\/lescriva.com\/es\/wp-json\/wp\/v2\/pages"}],"about":[{"href":"https:\/\/lescriva.com\/es\/wp-json\/wp\/v2\/types\/page"}],"author":[{"embeddable":true,"href":"https:\/\/lescriva.com\/es\/wp-json\/wp\/v2\/users\/1"}],"replies":[{"embeddable":true,"href":"https:\/\/lescriva.com\/es\/wp-json\/wp\/v2\/comments?post=1555"}],"version-history":[{"count":0,"href":"https:\/\/lescriva.com\/es\/wp-json\/wp\/v2\/pages\/1555\/revisions"}],"wp:attachment":[{"href":"https:\/\/lescriva.com\/es\/wp-json\/wp\/v2\/media?parent=1555"}],"curies":[{"name":"wp","href":"https:\/\/api.w.org\/{rel}","templated":true}]}}