

{"id":1553,"date":"2021-12-14T15:21:33","date_gmt":"2021-12-14T15:21:33","guid":{"rendered":"https:\/\/lescriva.com\/nosotros\/"},"modified":"2021-12-14T15:53:22","modified_gmt":"2021-12-14T15:53:22","slug":"nosotros","status":"publish","type":"page","link":"https:\/\/lescriva.com\/es\/nosotros\/","title":{"rendered":"Nosotros"},"content":{"rendered":"<div  class=\"tatsu-abhwGCMK_ tatsu-section  tatsu-bg-overlay   tatsu-clearfix\" data-title=\"\"  data-headerscheme=\"background--dark\"><div class='tatsu-section-pad clearfix' data-padding='{\"d\":\"120px 0px 120px 0px\"}' data-padding-top='120px'><div class=\"tatsu-row-wrap  tatsu-wrap tatsu-row-one-col tatsu-row-has-one-cols tatsu-medium-gutter tatsu-reg-cols  tatsu-clearfix tatsu-g7hQyr9PwB\" ><div  class=\"tatsu-row \" ><div  class=\"tatsu-column  tatsu-bg-overlay tatsu-one-col tatsu-column-image-none tatsu-column-effect-none  tatsu-IaF0G1eupF\"  data-parallax-speed=\"0\" style=\"\"><div class=\"tatsu-column-inner \" ><div class=\"tatsu-column-pad-wrap\"><div class=\"tatsu-column-pad\" ><div  class=\"tatsu-module tatsu-text-block-wrap tatsu-8o8203Kjbt  \"><div class=\"tatsu-text-inner tatsu-align-center  clearfix\" ><style>.tatsu-8o8203Kjbt.tatsu-text-block-wrap .tatsu-text-inner{width: 100%;text-align: left;color: #ffffff ;}.tatsu-8o8203Kjbt .tatsu-text-inner *{color: #ffffff ;}<\/style>\n<h1 style=\"text-align: left;\">Nosotros<\/h1>\n<\/div><\/div><\/div><\/div><div class = \"tatsu-column-bg-image-wrap\"><div class = \"tatsu-column-bg-image\" ><\/div><\/div><div class=\"tatsu-overlay tatsu-column-overlay tatsu-animate-none\" ><\/div><\/div><style>.tatsu-row > .tatsu-IaF0G1eupF.tatsu-column{width: 100%;}.tatsu-IaF0G1eupF.tatsu-column > .tatsu-column-inner > .tatsu-column-overlay{mix-blend-mode: normal;}.tatsu-IaF0G1eupF > .tatsu-column-inner > .tatsu-top-divider{z-index: 9999;}.tatsu-IaF0G1eupF > .tatsu-column-inner > .tatsu-bottom-divider{z-index: 9999;}.tatsu-IaF0G1eupF > .tatsu-column-inner > .tatsu-left-divider{z-index: 9999;}.tatsu-IaF0G1eupF > .tatsu-column-inner > .tatsu-right-divider{z-index: 9999;}@media only screen and (max-width:1377px) {.tatsu-row > .tatsu-IaF0G1eupF.tatsu-column{width: 100%;}}@media only screen and (min-width:768px) and (max-width: 1024px) {.tatsu-row > .tatsu-IaF0G1eupF.tatsu-column{width: 100%;}}@media only screen and (max-width: 767px) {.tatsu-row > .tatsu-IaF0G1eupF.tatsu-column{width: 100%;}}<\/style><\/div><\/div><\/div><\/div><div class=\"tatsu-section-background-wrap\"><div class = \"tatsu-section-background\" ><\/div><\/div><div class=\"tatsu-overlay tatsu-section-overlay\"><\/div><style>.tatsu-abhwGCMK_ .tatsu-section-background{background-image: url(https:\/\/lescriva.com\/wp-content\/uploads\/2021\/02\/baner-escriptori.jpg);background-repeat: no-repeat;background-attachment: scroll;background-position: center right;background-size: cover;}.tatsu-abhwGCMK_ .tatsu-bg-blur{background-repeat: no-repeat;background-attachment: scroll;background-position: center right;background-size: cover;}.tatsu-abhwGCMK_ .tatsu-section-pad{padding: 120px 0px 120px 0px;}.tatsu-abhwGCMK_ .tatsu-section-offset-wrap{transform: translateY(-0px);}.tatsu-abhwGCMK_ > .tatsu-bottom-divider{z-index: 9999;}.tatsu-abhwGCMK_ > .tatsu-top-divider{z-index: 9999;}.tatsu-abhwGCMK_ .tatsu-section-overlay{background: linear-gradient(45deg, rgba(31,15,15,0.22) 0%, rgba(255,0,0,0.01) 100%);mix-blend-mode: normal;}<\/style><\/div><div  class=\"tatsu-9md_Yd6uUQ tatsu-section  tatsu-bg-overlay   tatsu-clearfix\" data-title=\"\"  data-headerscheme=\"background--dark\"><div class='tatsu-section-pad clearfix' data-padding='{\"d\":\"46px 0px 23px 0px\"}' data-padding-top='46px'><div class=\"tatsu-row-wrap  tatsu-wrap tatsu-row-has-one-half tatsu-row-has-two-cols tatsu-medium-gutter tatsu-reg-cols  tatsu-clearfix tatsu-eKZtc5C9ya\" ><div  class=\"tatsu-row \" ><div  class=\"tatsu-column  tatsu-bg-overlay tatsu-one-half tatsu-column-image-none tatsu-column-effect-none  tatsu-uKt9LyAuB\"  data-parallax-speed=\"0\" style=\"\"><div class=\"tatsu-column-inner \" ><div class=\"tatsu-column-pad-wrap\"><div class=\"tatsu-column-pad\" ><div  class = \"tatsu-special-heading-wrap  tatsu-hO5tpaich \"  \"  ><style>.tatsu-hO5tpaich.tatsu-special-heading-wrap{font-size: 25px;margin: 0px 0px 20px 0px;text-align: left;}.tatsu-hO5tpaich.tatsu-special-heading-wrap .tatsu-title{letter-spacing: 3px;}.tatsu-hO5tpaich.tatsu-special-heading-wrap .tatsu-border{background: rgba(194,61,73,1);}<\/style><div class = \"special-heading-inner-wrap tatsu-border-style2 tatsu-expand\" ><div class = \"tatsu-border\" ><\/div><h6 class = \"tatsu-title\">Qui som<\/h6><\/div><\/div><div  class=\"tatsu-module tatsu-text-block-wrap tatsu-Z8ZKnbr5W  \"><div class=\"tatsu-text-inner tatsu-align-center  clearfix\" ><style>.tatsu-Z8ZKnbr5W.tatsu-text-block-wrap .tatsu-text-inner{width: 100%;text-align: left;}<\/style>\n<div>Som en Nacho i la Mer, socis per al bo i per al millor.<\/div>\n<div> <\/div>\n<div>Tenim en com\u00fa 3 sols i des del 2012 aquest 4t fill en el que posem tota l&#8217;energia que ens queda.<\/div>\n<div> <\/div>\n<div>Ens definim com a emprenedors en pr\u00e0ctiques ja que mai deixem d&#8217;aprendre.<\/div>\n<div> <\/div>\n<div>Ens agrada el tracte amb la gent i poder donar als nostres clients el que busquen i el que encara no saben que volen. Ens deleixen les coses boniques i fetes amb afecte i si s\u00f3n handmade millor.<\/div>\n<div> <\/div>\n<div>Darrere de l&#8217;taulell trobareu a Nacho ia la rereguarda estic jo sempre pensant com oferir-vos els millors productes. Cuidem amb molta cura els aparadors perqu\u00e8 la cara \u00e9s el mirall de l&#8217;\u00e0nima i ens encanta que us agradin i ho compartiu amb nosaltres.<\/div>\n<div> <\/div>\n<div>A m\u00e9s de productes de papereria a la nostra botiga trobareu, llibres, regals originals, productes per a scrapbooking i tamb\u00e9 oferim tallers de manualitats.<\/div>\n<div> <\/div>\n<div>Us hi esperem!<\/div>\n<\/div><\/div><\/div><\/div><div class = \"tatsu-column-bg-image-wrap\"><div class = \"tatsu-column-bg-image\" ><\/div><\/div><div class=\"tatsu-overlay tatsu-column-overlay tatsu-animate-none\" ><\/div><\/div><style>.tatsu-row > .tatsu-uKt9LyAuB.tatsu-column{width: 50%;}.tatsu-uKt9LyAuB.tatsu-column > .tatsu-column-inner > .tatsu-column-overlay{mix-blend-mode: normal;}.tatsu-uKt9LyAuB > .tatsu-column-inner > .tatsu-top-divider{z-index: 9999;}.tatsu-uKt9LyAuB > .tatsu-column-inner > .tatsu-bottom-divider{z-index: 9999;}.tatsu-uKt9LyAuB > .tatsu-column-inner > .tatsu-left-divider{z-index: 9999;}.tatsu-uKt9LyAuB > .tatsu-column-inner > .tatsu-right-divider{z-index: 9999;}@media only screen and (max-width:1377px) {.tatsu-row > .tatsu-uKt9LyAuB.tatsu-column{width: 50%;}}@media only screen and (min-width:768px) and (max-width: 1024px) {.tatsu-row > .tatsu-uKt9LyAuB.tatsu-column{width: 50%;}}@media only screen and (max-width: 767px) {.tatsu-row > .tatsu-uKt9LyAuB.tatsu-column{width: 100%;}}<\/style><\/div><div  class=\"tatsu-column  tatsu-bg-overlay tatsu-one-half tatsu-column-align-middle tatsu-column-image-none tatsu-column-effect-none  tatsu-HyISBVfufJ\"  data-parallax-speed=\"0\" style=\"\"><div class=\"tatsu-column-inner \" ><div class=\"tatsu-column-pad-wrap\"><div class=\"tatsu-column-pad\" >            <div  class = \"tatsu-media-carousel tatsu-module clearfix  tatsu-lPnL8nde_\" >\n                <style>.tatsu-lPnL8nde_ .tatsu-carousel-col-inner{height: 440px;}.tatsu-lPnL8nde_ .flickity-page-dots .is-selected{background: rgba(194,61,73,1);}<\/style>                <div class = \"tatsu-media-carousel-inner tatsu-carousel tatsu-client-carousel tatsu-carousel-cols-1\" data-free-scroll = \"1\" data-infinite = \"1\" data-dots = \"1\" data-autoplay = \"1\" data-autoplay-speed = \"4000\" data-lazy-load = \"1\" >\n                                                                                                        <div class = \"tatsu-media-slide tatsu-carousel-col\">\n                                    <div class = \"tatsu-media-slide-inner tatsu-carousel-col-inner\">\n                                                                                        <img class = \"tatsu-carousel-img tatsu-carousel-img-lazy-load\" alt = \"\" data-src = \"https:\/\/lescriva.com\/wp-content\/uploads\/2021\/02\/LEscriva-38.jpg\" \/>\n                                                                           <\/div>\n                                <\/div>\n                                                                                    <div class = \"tatsu-media-slide tatsu-carousel-col\">\n                                    <div class = \"tatsu-media-slide-inner tatsu-carousel-col-inner\">\n                                                                                        <img class = \"tatsu-carousel-img tatsu-carousel-img-lazy-load\" alt = \"\" data-src = \"https:\/\/lescriva.com\/wp-content\/uploads\/2021\/02\/LEscriva-47.jpg\" \/>\n                                                                           <\/div>\n                                <\/div>\n                                                                                    <div class = \"tatsu-media-slide tatsu-carousel-col\">\n                                    <div class = \"tatsu-media-slide-inner tatsu-carousel-col-inner\">\n                                                                                        <img class = \"tatsu-carousel-img tatsu-carousel-img-lazy-load\" alt = \"\" data-src = \"https:\/\/lescriva.com\/wp-content\/uploads\/2021\/02\/LEscriva-48.jpg\" \/>\n                                                                           <\/div>\n                                <\/div>\n                                                                                    <div class = \"tatsu-media-slide tatsu-carousel-col\">\n                                    <div class = \"tatsu-media-slide-inner tatsu-carousel-col-inner\">\n                                                                                        <img class = \"tatsu-carousel-img tatsu-carousel-img-lazy-load\" alt = \"\" data-src = \"https:\/\/lescriva.com\/wp-content\/uploads\/2021\/02\/LEscriva-43.jpg\" \/>\n                                                                           <\/div>\n                                <\/div>\n                                                                                    <div class = \"tatsu-media-slide tatsu-carousel-col\">\n                                    <div class = \"tatsu-media-slide-inner tatsu-carousel-col-inner\">\n                                                                                        <img class = \"tatsu-carousel-img tatsu-carousel-img-lazy-load\" alt = \"\" data-src = \"https:\/\/lescriva.com\/wp-content\/uploads\/2021\/02\/LEscriva-56.jpg\" \/>\n                                                                           <\/div>\n                                <\/div>\n                                                                                    <div class = \"tatsu-media-slide tatsu-carousel-col\">\n                                    <div class = \"tatsu-media-slide-inner tatsu-carousel-col-inner\">\n                                                                                        <img class = \"tatsu-carousel-img tatsu-carousel-img-lazy-load\" alt = \"\" data-src = \"https:\/\/lescriva.com\/wp-content\/uploads\/2021\/02\/LEscriva-57.jpg\" \/>\n                                                                           <\/div>\n                                <\/div>\n                                                                                    <div class = \"tatsu-media-slide tatsu-carousel-col\">\n                                    <div class = \"tatsu-media-slide-inner tatsu-carousel-col-inner\">\n                                                                                        <img class = \"tatsu-carousel-img tatsu-carousel-img-lazy-load\" alt = \"\" data-src = \"https:\/\/lescriva.com\/wp-content\/uploads\/2021\/02\/LEscriva-58.jpg\" \/>\n                                                                           <\/div>\n                                <\/div>\n                                                                                    <div class = \"tatsu-media-slide tatsu-carousel-col\">\n                                    <div class = \"tatsu-media-slide-inner tatsu-carousel-col-inner\">\n                                                                                        <img class = \"tatsu-carousel-img tatsu-carousel-img-lazy-load\" alt = \"\" data-src = \"https:\/\/lescriva.com\/wp-content\/uploads\/2021\/02\/LEscriva-59.jpg\" \/>\n                                                                           <\/div>\n                                <\/div>\n                                                                                    <div class = \"tatsu-media-slide tatsu-carousel-col\">\n                                    <div class = \"tatsu-media-slide-inner tatsu-carousel-col-inner\">\n                                                                                        <img class = \"tatsu-carousel-img tatsu-carousel-img-lazy-load\" alt = \"\" data-src = \"https:\/\/lescriva.com\/wp-content\/uploads\/2021\/02\/LEscriva-14.jpg\" \/>\n                                                                           <\/div>\n                                <\/div>\n                                                                                    <div class = \"tatsu-media-slide tatsu-carousel-col\">\n                                    <div class = \"tatsu-media-slide-inner tatsu-carousel-col-inner\">\n                                                                                        <img class = \"tatsu-carousel-img tatsu-carousel-img-lazy-load\" alt = \"\" data-src = \"https:\/\/lescriva.com\/wp-content\/uploads\/2021\/02\/LEscriva-12.jpg\" \/>\n                                                                           <\/div>\n                                <\/div>\n                                                                                    <div class = \"tatsu-media-slide tatsu-carousel-col\">\n                                    <div class = \"tatsu-media-slide-inner tatsu-carousel-col-inner\">\n                                                                                        <img class = \"tatsu-carousel-img tatsu-carousel-img-lazy-load\" alt = \"\" data-src = \"https:\/\/lescriva.com\/wp-content\/uploads\/2021\/02\/LEscriva-21.jpg\" \/>\n                                                                           <\/div>\n                                <\/div>\n                                                                                    <div class = \"tatsu-media-slide tatsu-carousel-col\">\n                                    <div class = \"tatsu-media-slide-inner tatsu-carousel-col-inner\">\n                                                                                        <img class = \"tatsu-carousel-img tatsu-carousel-img-lazy-load\" alt = \"\" data-src = \"https:\/\/lescriva.com\/wp-content\/uploads\/2021\/02\/LEscriva-41.jpg\" \/>\n                                                                           <\/div>\n                                <\/div>\n                                                                                    <div class = \"tatsu-media-slide tatsu-carousel-col\">\n                                    <div class = \"tatsu-media-slide-inner tatsu-carousel-col-inner\">\n                                                                                        <img class = \"tatsu-carousel-img tatsu-carousel-img-lazy-load\" alt = \"\" data-src = \"https:\/\/lescriva.com\/wp-content\/uploads\/2021\/02\/LEscriva-42.jpg\" \/>\n                                                                           <\/div>\n                                <\/div>\n                                                                                    <div class = \"tatsu-media-slide tatsu-carousel-col\">\n                                    <div class = \"tatsu-media-slide-inner tatsu-carousel-col-inner\">\n                                                                                        <img class = \"tatsu-carousel-img tatsu-carousel-img-lazy-load\" alt = \"\" data-src = \"https:\/\/lescriva.com\/wp-content\/uploads\/2021\/02\/LEscriva-44.jpg\" \/>\n                                                                           <\/div>\n                                <\/div>\n                                                            <\/div>\n            <\/div>\n        <\/div><\/div><div class = \"tatsu-column-bg-image-wrap\"><div class = \"tatsu-column-bg-image\" ><\/div><\/div><div class=\"tatsu-overlay tatsu-column-overlay tatsu-animate-none\" ><\/div><\/div><style>.tatsu-row > .tatsu-HyISBVfufJ.tatsu-column{width: 50%;}.tatsu-HyISBVfufJ.tatsu-column > .tatsu-column-inner > .tatsu-column-overlay{mix-blend-mode: normal;}.tatsu-HyISBVfufJ > .tatsu-column-inner > .tatsu-top-divider{z-index: 9999;}.tatsu-HyISBVfufJ > .tatsu-column-inner > .tatsu-bottom-divider{z-index: 9999;}.tatsu-HyISBVfufJ > .tatsu-column-inner > .tatsu-left-divider{z-index: 9999;}.tatsu-HyISBVfufJ > .tatsu-column-inner > .tatsu-right-divider{z-index: 9999;}@media only screen and (max-width:1377px) {.tatsu-row > .tatsu-HyISBVfufJ.tatsu-column{width: 50%;}}@media only screen and (min-width:768px) and (max-width: 1024px) {.tatsu-row > .tatsu-HyISBVfufJ.tatsu-column{width: 50%;}}@media only screen and (max-width: 767px) {.tatsu-row > .tatsu-HyISBVfufJ.tatsu-column{width: 100%;}}<\/style><\/div><\/div><\/div><\/div><div class=\"tatsu-section-background-wrap\"><div class = \"tatsu-section-background\" ><\/div><\/div><div class=\"tatsu-overlay tatsu-section-overlay\"><\/div><style>.tatsu-9md_Yd6uUQ .tatsu-section-pad{padding: 46px 0px 23px 0px;}.tatsu-9md_Yd6uUQ .tatsu-section-offset-wrap{transform: translateY(-0px);}.tatsu-9md_Yd6uUQ > .tatsu-bottom-divider{z-index: 9999;}.tatsu-9md_Yd6uUQ > .tatsu-top-divider{z-index: 9999;}.tatsu-9md_Yd6uUQ .tatsu-section-overlay{mix-blend-mode: normal;}<\/style><\/div>\n","protected":false},"excerpt":{"rendered":"<div><a href=\"https:\/\/lescriva.com\/es\/nosotros\/\" class=\"exp-read-more exp-read-more-underlined\">Read More<\/a><\/div>\n","protected":false},"author":1,"featured_media":0,"parent":0,"menu_order":0,"comment_status":"closed","ping_status":"closed","template":"","meta":{"footnotes":""},"class_list":["post-1553","page","type-page","status-publish","hentry"],"_links":{"self":[{"href":"https:\/\/lescriva.com\/es\/wp-json\/wp\/v2\/pages\/1553","targetHints":{"allow":["GET"]}}],"collection":[{"href":"https:\/\/lescriva.com\/es\/wp-json\/wp\/v2\/pages"}],"about":[{"href":"https:\/\/lescriva.com\/es\/wp-json\/wp\/v2\/types\/page"}],"author":[{"embeddable":true,"href":"https:\/\/lescriva.com\/es\/wp-json\/wp\/v2\/users\/1"}],"replies":[{"embeddable":true,"href":"https:\/\/lescriva.com\/es\/wp-json\/wp\/v2\/comments?post=1553"}],"version-history":[{"count":2,"href":"https:\/\/lescriva.com\/es\/wp-json\/wp\/v2\/pages\/1553\/revisions"}],"predecessor-version":[{"id":1565,"href":"https:\/\/lescriva.com\/es\/wp-json\/wp\/v2\/pages\/1553\/revisions\/1565"}],"wp:attachment":[{"href":"https:\/\/lescriva.com\/es\/wp-json\/wp\/v2\/media?parent=1553"}],"curies":[{"name":"wp","href":"https:\/\/api.w.org\/{rel}","templated":true}]}}